{"id":4128,"date":"2022-11-01T18:25:28","date_gmt":"2022-11-01T18:25:28","guid":{"rendered":"https:\/\/www.strojirnykohout.cz\/?page_id=4128"},"modified":"2022-11-04T09:41:13","modified_gmt":"2022-11-04T09:41:13","slug":"pravni-odpovednost","status":"publish","type":"page","link":"https:\/\/www.strojirnykohout.cz\/de\/pravni-odpovednost","title":{"rendered":"Gesetzliche Haftung"},"content":{"rendered":"<div data-elementor-type=\"wp-page\" data-elementor-id=\"4128\" class=\"elementor elementor-4128\">\n\t\t\t\t\t\t\t\t\t<section class=\"elementor-section elementor-top-section elementor-element elementor-element-a42837e elementor-section-boxed elementor-section-height-default elementor-section-height-default\" data-id=\"a42837e\" data-element_type=\"section\">\n\t\t\t\t\t\t<div class=\"elementor-container elementor-column-gap-default\">\n\t\t\t\t\t<div class=\"elementor-column elementor-col-100 elementor-top-column elementor-element elementor-element-279f390\" data-id=\"279f390\" data-element_type=\"column\">\n\t\t\t<div class=\"elementor-widget-wrap\">\n\t\t\t\t\t\t\t\t\t<\/div>\n\t\t<\/div>\n\t\t\t\t\t\t\t<\/div>\n\t\t<\/section>\n\t\t\t\t<section class=\"elementor-section elementor-top-section elementor-element elementor-element-7d56e664 elementor-section-boxed elementor-section-height-default elementor-section-height-default\" data-id=\"7d56e664\" data-element_type=\"section\">\n\t\t\t\t\t\t<div class=\"elementor-container elementor-column-gap-default\">\n\t\t\t\t\t<div class=\"elementor-column elementor-col-100 elementor-top-column elementor-element elementor-element-13d8b27f\" data-id=\"13d8b27f\" data-element_type=\"column\">\n\t\t\t<div class=\"elementor-widget-wrap elementor-element-populated\">\n\t\t\t\t\t\t\t\t<div class=\"elementor-element elementor-element-b513d06 elementor-widget elementor-widget-buildbench-title\" data-id=\"b513d06\" data-element_type=\"widget\" data-widget_type=\"buildbench-title.default\">\n\t\t\t\t<div class=\"elementor-widget-container\">\n\t\t\t         <div class=\"section-heading-content\">\n            <h2 class=\"section-title\">\n                <span class=\"sub-title\"><\/span>\n                 GESETZLICHE HAFTUNG                             <\/h2>\n         <\/div><!-- Section title -->\t\t\n\n     \n    \t\t<\/div>\n\t\t\t\t<\/div>\n\t\t\t\t<div class=\"elementor-element elementor-element-495ff39c elementor-widget elementor-widget-text-editor\" data-id=\"495ff39c\" data-element_type=\"widget\" data-widget_type=\"text-editor.default\">\n\t\t\t\t<div class=\"elementor-widget-container\">\n\t\t\t<style>\/*! elementor - v3.7.8 - 02-10-2022 *\/\n.elementor-widget-text-editor.elementor-drop-cap-view-stacked .elementor-drop-cap{background-color:#818a91;color:#fff}.elementor-widget-text-editor.elementor-drop-cap-view-framed .elementor-drop-cap{color:#818a91;border:3px solid;background-color:transparent}.elementor-widget-text-editor:not(.elementor-drop-cap-view-default) .elementor-drop-cap{margin-top:8px}.elementor-widget-text-editor:not(.elementor-drop-cap-view-default) .elementor-drop-cap-letter{width:1em;height:1em}.elementor-widget-text-editor .elementor-drop-cap{float:left;text-align:center;line-height:1;font-size:50px}.elementor-widget-text-editor .elementor-drop-cap-letter{display:inline-block}<\/style>\t\t\t\t<p><strong><span>Verantwortung f\u00fcr den Inhalt<\/span><\/strong><\/p>\n<p><span>Als Diensteanbieter sind wir gem\u00e4\u00df \u00a7 7 Abs.1 TMG f\u00fcr eigene Inhalte auf diesen Seiten nach den allgemeinen Gesetzen verantwortlich. Nach \u00a7\u00a7 8 bis 10 TMG sind wir als Diensteanbieter jedoch nicht verpflichtet, \u00fcbermittelte oder gespeicherte fremde Informationen zu \u00fcberwachen oder nach Umst\u00e4nden zu forschen, die auf eine rechtswidrige T\u00e4tigkeit hinweisen.<\/span><\/p>\n<p><span>Verpflichtungen zur Entfernung oder Sperrung der Nutzung von Informationen nach den allgemeinen Gesetzen bleiben hiervon unber\u00fchrt. Eine diesbez\u00fcgliche Haftung ist jedoch erst ab dem Zeitpunkt der Kenntnis einer konkreten Rechtsverletzung m\u00f6glich. Bei Bekanntwerden von Rechtsverletzungen werden wir derartige Inhalte umgehend entfernen.<\/span><\/p>\n<p><strong><span>Haftung f\u00fcr Links<\/span><\/strong><\/p>\n<p><span>Unser Angebot enth\u00e4lt Links zu externen Webseiten Dritter, auf deren Inhalte wir keinen Einfluss haben. Deshalb k\u00f6nnen wir f\u00fcr diese fremden Inhalte auch keine Gew\u00e4hr \u00fcbernehmen. F\u00fcr die Inhalte der verlinkten Seiten ist stets der jeweilige Anbieter oder Betreiber der Seiten verantwortlich. Die verlinkten Seiten wurden zum Zeitpunkt der Verlinkung auf m\u00f6gliche Rechtsverst\u00f6\u00dfe \u00fcberpr\u00fcft. Der rechtswidrige Inhalt war zum Zeitpunkt der Verlinkung nicht erkennbar.<\/span><\/p>\n<p><span>Eine permanente inhaltliche Kontrolle der verlinkten Seiten ist jedoch ohne konkrete Anhaltspunkte einer Rechtsverletzung nicht zumutbar. Bei Bekanntwerden von Rechtsverletzungen werden wir derartige Links umgehend entfernen.<\/span><\/p>\n<p><strong><span>Urheberrecht<\/span><\/strong><\/p>\n<p><span>Die durch die Seitenbetreiber erstellten Inhalte und Werke auf diesen Seiten unterliegen dem deutschen Urheberrecht. Die Vervielf\u00e4ltigung, Bearbeitung, Verbreitung und jede Art der Verwertung au\u00dferhalb der Grenzen des Urheberrechtes bed\u00fcrfen der schriftlichen Zustimmung des jeweiligen Autors bzw. Erstellers. Downloads und Kopien dieser Seite sind nur f\u00fcr den privaten, nicht kommerziellen Gebrauch gestattet.<\/span><\/p>\n<p><span>Soweit die Inhalte auf dieser Seite nicht vom Betreiber erstellt wurden, werden die Urheberrechte Dritter beachtet. Insbesondere werden Inhalte Dritter als solche gekennzeichnet. Sollten Sie trotzdem auf eine Urheberrechtsverletzung aufmerksam werden, bitten wir Sie, uns zu informieren. Bei Bekanntwerden von Rechtsverletzungen werden wir derartige Inhalte umgehend entfernen.<\/span><\/p>\t\t\t\t\t\t<\/div>\n\t\t\t\t<\/div>\n\t\t\t\t\t<\/div>\n\t\t<\/div>\n\t\t\t\t\t\t\t<\/div>\n\t\t<\/section>\n\t\t\t\t\t\t\t<\/div>","protected":false},"excerpt":{"rendered":"<p>pr\u00e1vn\u00ed odpov\u011bdnost Odpov\u011bdnost za obsah Jako poskytovatel slu\u017eeb odpov\u00edd\u00e1me za vlastn\u00ed obsah na t\u011bchto str\u00e1nk\u00e1ch podle \u00a7 7 odst. 1 n\u011bmeck\u00e9ho z\u00e1kona o telem\u00e9di\u00edch (TMG).&nbsp;Podle \u00a7\u00a7 8 a\u017e 10 TMG v\u0161ak nejsme jako poskytovatel slu\u017eeb povinni sledovat p\u0159en\u00e1\u0161en\u00e9 nebo uchov\u00e1van\u00e9 informace t\u0159et\u00edch stran nebo prov\u011b\u0159ovat okolnosti, kter\u00e9 nazna\u010duj\u00ed nez\u00e1konnou \u010dinnost. Povinnosti odstranit nebo zablokovat pou\u017eit\u00ed [&hellip;]<\/p>","protected":false},"author":1,"featured_media":0,"parent":0,"menu_order":0,"comment_status":"closed","ping_status":"closed","template":"template\/full-width-template.php","meta":[],"yoast_head":"<!-- This site is optimized with the Yoast SEO plugin v21.1 - https:\/\/yoast.com\/wordpress\/plugins\/seo\/ -->\r\n<title>Pr\u00e1vn\u00ed odpov\u011bdnost - Stroj\u00edrny Kohout<\/title>\r\n<meta name=\"robots\" content=\"index, follow, max-snippet:-1, max-image-preview:large, max-video-preview:-1\" \/>\r\n<link rel=\"canonical\" href=\"https:\/\/www.strojirnykohout.cz\/de\/pravni-odpovednost\" \/>\r\n<meta property=\"og:locale\" content=\"de_DE\" \/>\r\n<meta property=\"og:type\" content=\"article\" \/>\r\n<meta property=\"og:title\" content=\"Pr\u00e1vn\u00ed odpov\u011bdnost - Stroj\u00edrny Kohout\" \/>\r\n<meta property=\"og:description\" content=\"pr\u00e1vn\u00ed odpov\u011bdnost Odpov\u011bdnost za obsah Jako poskytovatel slu\u017eeb odpov\u00edd\u00e1me za vlastn\u00ed obsah na t\u011bchto str\u00e1nk\u00e1ch podle \u00a7 7 odst. 1 n\u011bmeck\u00e9ho z\u00e1kona o telem\u00e9di\u00edch (TMG).&nbsp;Podle \u00a7\u00a7 8 a\u017e 10 TMG v\u0161ak nejsme jako poskytovatel slu\u017eeb povinni sledovat p\u0159en\u00e1\u0161en\u00e9 nebo uchov\u00e1van\u00e9 informace t\u0159et\u00edch stran nebo prov\u011b\u0159ovat okolnosti, kter\u00e9 nazna\u010duj\u00ed nez\u00e1konnou \u010dinnost. Povinnosti odstranit nebo zablokovat pou\u017eit\u00ed [&hellip;]\" \/>\r\n<meta property=\"og:url\" content=\"https:\/\/www.strojirnykohout.cz\/de\/pravni-odpovednost\" \/>\r\n<meta property=\"og:site_name\" content=\"Stroj\u00edrny Kohout\" \/>\r\n<meta property=\"article:modified_time\" content=\"2022-11-04T09:41:13+00:00\" \/>\r\n<meta name=\"twitter:card\" content=\"summary_large_image\" \/>\r\n<meta name=\"twitter:label1\" content=\"Est. reading time\" \/>\n\t<meta name=\"twitter:data1\" content=\"2 Minuten\" \/>\r\n<script type=\"application\/ld+json\" class=\"yoast-schema-graph\">{\"@context\":\"https:\/\/schema.org\",\"@graph\":[{\"@type\":\"WebPage\",\"@id\":\"https:\/\/www.strojirnykohout.cz\/en\/pravni-odpovednost\",\"url\":\"https:\/\/www.strojirnykohout.cz\/en\/pravni-odpovednost\",\"name\":\"Pr\u00e1vn\u00ed odpov\u011bdnost - Stroj\u00edrny Kohout\",\"isPartOf\":{\"@id\":\"https:\/\/www.strojirnykohout.cz\/de\/#website\"},\"datePublished\":\"2022-11-01T18:25:28+00:00\",\"dateModified\":\"2022-11-04T09:41:13+00:00\",\"breadcrumb\":{\"@id\":\"https:\/\/www.strojirnykohout.cz\/en\/pravni-odpovednost#breadcrumb\"},\"inLanguage\":\"de-DE\",\"potentialAction\":[{\"@type\":\"ReadAction\",\"target\":[\"https:\/\/www.strojirnykohout.cz\/en\/pravni-odpovednost\"]}]},{\"@type\":\"BreadcrumbList\",\"@id\":\"https:\/\/www.strojirnykohout.cz\/en\/pravni-odpovednost#breadcrumb\",\"itemListElement\":[{\"@type\":\"ListItem\",\"position\":1,\"name\":\"Home\",\"item\":\"https:\/\/www.strojirnykohout.cz\/\"},{\"@type\":\"ListItem\",\"position\":2,\"name\":\"Pr\u00e1vn\u00ed odpov\u011bdnost\"}]},{\"@type\":\"WebSite\",\"@id\":\"https:\/\/www.strojirnykohout.cz\/de\/#website\",\"url\":\"https:\/\/www.strojirnykohout.cz\/de\/\",\"name\":\"Stroj\u00edrny Kohout\",\"description\":\"SPECIALISTA NA P\u0158ESN\u00c9 OBR\u00c1B\u011aN\u00cd\",\"publisher\":{\"@id\":\"https:\/\/www.strojirnykohout.cz\/de\/#organization\"},\"potentialAction\":[{\"@type\":\"SearchAction\",\"target\":{\"@type\":\"EntryPoint\",\"urlTemplate\":\"https:\/\/www.strojirnykohout.cz\/de\/?s={search_term_string}\"},\"query-input\":\"required name=search_term_string\"}],\"inLanguage\":\"de-DE\"},{\"@type\":\"Organization\",\"@id\":\"https:\/\/www.strojirnykohout.cz\/de\/#organization\",\"name\":\"Stroj\u00edrny Kohout\",\"url\":\"https:\/\/www.strojirnykohout.cz\/de\/\",\"logo\":{\"@type\":\"ImageObject\",\"inLanguage\":\"de-DE\",\"@id\":\"https:\/\/www.strojirnykohout.cz\/de\/#\/schema\/logo\/image\/\",\"url\":\"https:\/\/www.strojirnykohout.cz\/wp-content\/uploads\/2022\/10\/logo-dark.png\",\"contentUrl\":\"https:\/\/www.strojirnykohout.cz\/wp-content\/uploads\/2022\/10\/logo-dark.png\",\"width\":350,\"height\":100,\"caption\":\"Stroj\u00edrny Kohout\"},\"image\":{\"@id\":\"https:\/\/www.strojirnykohout.cz\/de\/#\/schema\/logo\/image\/\"}}]}<\/script>\r\n<!-- \/ Yoast SEO plugin. -->","yoast_head_json":{"title":"Pr\u00e1vn\u00ed odpov\u011bdnost - Stroj\u00edrny Kohout","robots":{"index":"index","follow":"follow","max-snippet":"max-snippet:-1","max-image-preview":"max-image-preview:large","max-video-preview":"max-video-preview:-1"},"canonical":"https:\/\/www.strojirnykohout.cz\/de\/pravni-odpovednost","og_locale":"de_DE","og_type":"article","og_title":"Pr\u00e1vn\u00ed odpov\u011bdnost - Stroj\u00edrny Kohout","og_description":"pr\u00e1vn\u00ed odpov\u011bdnost Odpov\u011bdnost za obsah Jako poskytovatel slu\u017eeb odpov\u00edd\u00e1me za vlastn\u00ed obsah na t\u011bchto str\u00e1nk\u00e1ch podle \u00a7 7 odst. 1 n\u011bmeck\u00e9ho z\u00e1kona o telem\u00e9di\u00edch (TMG).&nbsp;Podle \u00a7\u00a7 8 a\u017e 10 TMG v\u0161ak nejsme jako poskytovatel slu\u017eeb povinni sledovat p\u0159en\u00e1\u0161en\u00e9 nebo uchov\u00e1van\u00e9 informace t\u0159et\u00edch stran nebo prov\u011b\u0159ovat okolnosti, kter\u00e9 nazna\u010duj\u00ed nez\u00e1konnou \u010dinnost. Povinnosti odstranit nebo zablokovat pou\u017eit\u00ed [&hellip;]","og_url":"https:\/\/www.strojirnykohout.cz\/de\/pravni-odpovednost","og_site_name":"Stroj\u00edrny Kohout","article_modified_time":"2022-11-04T09:41:13+00:00","twitter_card":"summary_large_image","twitter_misc":{"Est. reading time":"2 Minuten"},"schema":{"@context":"https:\/\/schema.org","@graph":[{"@type":"WebPage","@id":"https:\/\/www.strojirnykohout.cz\/en\/pravni-odpovednost","url":"https:\/\/www.strojirnykohout.cz\/en\/pravni-odpovednost","name":"Pr\u00e1vn\u00ed odpov\u011bdnost - Stroj\u00edrny Kohout","isPartOf":{"@id":"https:\/\/www.strojirnykohout.cz\/de\/#website"},"datePublished":"2022-11-01T18:25:28+00:00","dateModified":"2022-11-04T09:41:13+00:00","breadcrumb":{"@id":"https:\/\/www.strojirnykohout.cz\/en\/pravni-odpovednost#breadcrumb"},"inLanguage":"de-DE","potentialAction":[{"@type":"ReadAction","target":["https:\/\/www.strojirnykohout.cz\/en\/pravni-odpovednost"]}]},{"@type":"BreadcrumbList","@id":"https:\/\/www.strojirnykohout.cz\/en\/pravni-odpovednost#breadcrumb","itemListElement":[{"@type":"ListItem","position":1,"name":"Home","item":"https:\/\/www.strojirnykohout.cz\/"},{"@type":"ListItem","position":2,"name":"Pr\u00e1vn\u00ed odpov\u011bdnost"}]},{"@type":"WebSite","@id":"https:\/\/www.strojirnykohout.cz\/de\/#website","url":"https:\/\/www.strojirnykohout.cz\/de\/","name":"Stroj\u00edrny Kohout","description":"SPECIALISTA NA P\u0158ESN\u00c9 OBR\u00c1B\u011aN\u00cd","publisher":{"@id":"https:\/\/www.strojirnykohout.cz\/de\/#organization"},"potentialAction":[{"@type":"SearchAction","target":{"@type":"EntryPoint","urlTemplate":"https:\/\/www.strojirnykohout.cz\/de\/?s={search_term_string}"},"query-input":"required name=search_term_string"}],"inLanguage":"de-DE"},{"@type":"Organization","@id":"https:\/\/www.strojirnykohout.cz\/de\/#organization","name":"Stroj\u00edrny Kohout","url":"https:\/\/www.strojirnykohout.cz\/de\/","logo":{"@type":"ImageObject","inLanguage":"de-DE","@id":"https:\/\/www.strojirnykohout.cz\/de\/#\/schema\/logo\/image\/","url":"https:\/\/www.strojirnykohout.cz\/wp-content\/uploads\/2022\/10\/logo-dark.png","contentUrl":"https:\/\/www.strojirnykohout.cz\/wp-content\/uploads\/2022\/10\/logo-dark.png","width":350,"height":100,"caption":"Stroj\u00edrny Kohout"},"image":{"@id":"https:\/\/www.strojirnykohout.cz\/de\/#\/schema\/logo\/image\/"}}]}},"_links":{"self":[{"href":"https:\/\/www.strojirnykohout.cz\/de\/wp-json\/wp\/v2\/pages\/4128"}],"collection":[{"href":"https:\/\/www.strojirnykohout.cz\/de\/wp-json\/wp\/v2\/pages"}],"about":[{"href":"https:\/\/www.strojirnykohout.cz\/de\/wp-json\/wp\/v2\/types\/page"}],"author":[{"embeddable":true,"href":"https:\/\/www.strojirnykohout.cz\/de\/wp-json\/wp\/v2\/users\/1"}],"replies":[{"embeddable":true,"href":"https:\/\/www.strojirnykohout.cz\/de\/wp-json\/wp\/v2\/comments?post=4128"}],"version-history":[{"count":11,"href":"https:\/\/www.strojirnykohout.cz\/de\/wp-json\/wp\/v2\/pages\/4128\/revisions"}],"predecessor-version":[{"id":4425,"href":"https:\/\/www.strojirnykohout.cz\/de\/wp-json\/wp\/v2\/pages\/4128\/revisions\/4425"}],"wp:attachment":[{"href":"https:\/\/www.strojirnykohout.cz\/de\/wp-json\/wp\/v2\/media?parent=4128"}],"curies":[{"name":"wp","href":"https:\/\/api.w.org\/{rel}","templated":true}]}}