{"id":4126,"date":"2022-11-01T18:21:49","date_gmt":"2022-11-01T18:21:49","guid":{"rendered":"https:\/\/www.strojirnykohout.cz\/?page_id=4126"},"modified":"2022-12-05T09:43:49","modified_gmt":"2022-12-05T09:43:49","slug":"impressum","status":"publish","type":"page","link":"https:\/\/www.strojirnykohout.cz\/de\/impressum","title":{"rendered":"Impressum"},"content":{"rendered":"<div data-elementor-type=\"wp-page\" data-elementor-id=\"4126\" class=\"elementor elementor-4126\">\n\t\t\t\t\t\t\t\t\t<section class=\"elementor-section elementor-top-section elementor-element elementor-element-bae3703 elementor-section-boxed elementor-section-height-default elementor-section-height-default\" data-id=\"bae3703\" data-element_type=\"section\">\n\t\t\t\t\t\t<div class=\"elementor-container elementor-column-gap-default\">\n\t\t\t\t\t<div class=\"elementor-column elementor-col-100 elementor-top-column elementor-element elementor-element-a979468\" data-id=\"a979468\" data-element_type=\"column\">\n\t\t\t<div class=\"elementor-widget-wrap elementor-element-populated\">\n\t\t\t\t\t\t\t\t<div class=\"elementor-element elementor-element-cb1f5bb elementor-widget elementor-widget-buildbench-title\" data-id=\"cb1f5bb\" data-element_type=\"widget\" data-widget_type=\"buildbench-title.default\">\n\t\t\t\t<div class=\"elementor-widget-container\">\n\t\t\t         <div class=\"section-heading-content\">\n            <h2 class=\"section-title\">\n                <span class=\"sub-title\"><\/span>\n                 Impressum                             <\/h2>\n         <\/div><!-- Section title -->\t\t\n\n     \n    \t\t<\/div>\n\t\t\t\t<\/div>\n\t\t\t\t\t<\/div>\n\t\t<\/div>\n\t\t\t\t\t\t\t<\/div>\n\t\t<\/section>\n\t\t\t\t<section class=\"elementor-section elementor-top-section elementor-element elementor-element-1f6a0cf3 elementor-section-boxed elementor-section-height-default elementor-section-height-default\" data-id=\"1f6a0cf3\" data-element_type=\"section\">\n\t\t\t\t\t\t<div class=\"elementor-container elementor-column-gap-default\">\n\t\t\t\t\t<div class=\"elementor-column elementor-col-100 elementor-top-column elementor-element elementor-element-93bc58\" data-id=\"93bc58\" data-element_type=\"column\">\n\t\t\t<div class=\"elementor-widget-wrap elementor-element-populated\">\n\t\t\t\t\t\t\t\t<div class=\"elementor-element elementor-element-2e6ce0d1 elementor-widget elementor-widget-text-editor\" data-id=\"2e6ce0d1\" data-element_type=\"widget\" data-widget_type=\"text-editor.default\">\n\t\t\t\t<div class=\"elementor-widget-container\">\n\t\t\t<style>\/*! elementor - v3.7.8 - 02-10-2022 *\/\n.elementor-widget-text-editor.elementor-drop-cap-view-stacked .elementor-drop-cap{background-color:#818a91;color:#fff}.elementor-widget-text-editor.elementor-drop-cap-view-framed .elementor-drop-cap{color:#818a91;border:3px solid;background-color:transparent}.elementor-widget-text-editor:not(.elementor-drop-cap-view-default) .elementor-drop-cap{margin-top:8px}.elementor-widget-text-editor:not(.elementor-drop-cap-view-default) .elementor-drop-cap-letter{width:1em;height:1em}.elementor-widget-text-editor .elementor-drop-cap{float:left;text-align:center;line-height:1;font-size:50px}.elementor-widget-text-editor .elementor-drop-cap-letter{display:inline-block}<\/style>\t\t\t\t<p><!-- wp:heading {\"level\":1} --><!-- \/wp:heading --><!-- wp:paragraph --><\/p>\n<p style=\"font-weight: 400;\"><strong>Eingetragener Firmensitz (Versand der Korrespondenz):<\/strong><br \/>Stroj\u00edrny Kohout, spol. s r.o.<br \/>Klatovsk\u00e1 77<br \/>345 06 Kdyn\u011b, CZ<\/p>\n<p style=\"font-weight: 400;\"><strong>Niederlassung (Versand von Material):<\/strong><br \/>Stroj\u00edrny Kohout, spol. s r.o.<br \/>\u0160koln\u00ed 680<br \/>345 06 Kdyn\u011b, CZ<\/p>\n<p><!-- \/wp:paragraph --><!-- wp:paragraph --><\/p>\n<p>Telefon: +420 379 775 111<br \/>Telefax: +420 379 775 115<br \/>E-Mail:\u00a0<a href=\"mailto:info@strojirnykohout.cz\" target=\"_blank\" rel=\"noopener\">info@strojirnykohout.cz<\/a><br \/>Web:\u00a0<span style=\"font-family: var( --e-global-typography-text-font-family ), Sans-serif;\"><span style=\"font-weight: var( --e-global-typography-text-font-weight ); background-color: #ffffff;\"><a href=\"https:\/\/www.strojirnykohout.cz\/de\">www.strojirnykohout.cz<\/a><\/span><\/span><\/p>\n<p><!-- \/wp:paragraph --><!-- wp:paragraph --><\/p>\n<p><strong>Gesch\u00e4ftsf\u00fchrende Direktoren:<\/strong><br \/>Vojt\u011bch Kohout, Zden\u011bk Kohout<\/p>\n<p><!-- \/wp:paragraph --><!-- wp:paragraph --><\/p>\n<p><strong>DIC:<\/strong>\u00a0CZ25204572<br \/><strong style=\"color: var( --e-global-color-text ); font-family: var( --e-global-typography-text-font-family ), Sans-serif;\">Sitz der Gesellschaft:<\/strong><span style=\"color: var( --e-global-color-text ); font-family: var( --e-global-typography-text-font-family ), Sans-serif;\"><span style=\"font-weight: var( --e-global-typography-text-font-weight );\">\u00a0Doma\u017elice<\/span><br \/><\/span><strong style=\"color: var( --e-global-color-text ); font-family: var( --e-global-typography-text-font-family ), Sans-serif;\">Handelsregister:<\/strong><span style=\"color: var( --e-global-color-text ); font-family: var( --e-global-typography-text-font-family ), Sans-serif; font-weight: var( --e-global-typography-text-font-weight );\">\u00a0Landgericht Pilsen, Abteilung C, Einlage 8223 , eingetragen am 13.11.1996<\/span><\/p>\n<p><!-- \/wp:paragraph --><!-- wp:separator --><\/p>\n<hr class=\"wp-block-separator has-alpha-channel-opacity\" \/>\n<p><!-- \/wp:separator --><!-- wp:heading {\"level\":3} --><\/p>\n<h3>\u00a0<\/h3>\n<p><!-- \/wp:paragraph --><\/p>\t\t\t\t\t\t<\/div>\n\t\t\t\t<\/div>\n\t\t\t\t\t<\/div>\n\t\t<\/div>\n\t\t\t\t\t\t\t<\/div>\n\t\t<\/section>\n\t\t\t\t\t\t\t<\/div>","protected":false},"excerpt":{"rendered":"<p>Impressum S\u00eddlo (zas\u00edl\u00e1n\u00ed korespondence):Stroj\u00edrny Kohout, spol. s r.o.Klatovsk\u00e1 77345 06 Kdyn\u011b, CZ Provozovna (zas\u00edl\u00e1n\u00ed materi\u00e1lu):Stroj\u00edrny Kohout, spol. s r.o.\u0160koln\u00ed 680345 06 Kdyn\u011b, CZ Telefon: +420 379 775 111Telefax: +420 379 775 115E-Mail:\u00a0info@strojirnykohout.czWeb:\u00a0www.strojirnykohout.cz Jednatel\u00e9 spole\u010dnosti:Vojt\u011bch Kohout, Zden\u011bk Kohout DI\u010c:\u00a0CZ25204572M\u00edsto soudu:\u00a0Doma\u017eliceObchodn\u00ed rejst\u0159\u00edk:\u00a0Krajsk\u00fd soud Plze\u0148, odd\u00edl C, vlo\u017eka 8223 , zapsan\u00e1 13.11.1996 \u00a0<\/p>","protected":false},"author":1,"featured_media":0,"parent":0,"menu_order":0,"comment_status":"closed","ping_status":"closed","template":"template\/full-width-template.php","meta":[],"yoast_head":"<!-- This site is optimized with the Yoast SEO plugin v21.1 - https:\/\/yoast.com\/wordpress\/plugins\/seo\/ -->\r\n<title>Impressum - Stroj\u00edrny Kohout<\/title>\r\n<meta name=\"robots\" content=\"index, follow, max-snippet:-1, max-image-preview:large, max-video-preview:-1\" \/>\r\n<link rel=\"canonical\" href=\"https:\/\/www.strojirnykohout.cz\/de\/impressum\" \/>\r\n<meta property=\"og:locale\" content=\"de_DE\" \/>\r\n<meta property=\"og:type\" content=\"article\" \/>\r\n<meta property=\"og:title\" content=\"Impressum - Stroj\u00edrny Kohout\" \/>\r\n<meta property=\"og:description\" content=\"Impressum S\u00eddlo (zas\u00edl\u00e1n\u00ed korespondence):Stroj\u00edrny Kohout, spol. s r.o.Klatovsk\u00e1 77345 06 Kdyn\u011b, CZ Provozovna (zas\u00edl\u00e1n\u00ed materi\u00e1lu):Stroj\u00edrny Kohout, spol. s r.o.\u0160koln\u00ed 680345 06 Kdyn\u011b, CZ Telefon: +420 379 775 111Telefax: +420 379 775 115E-Mail:\u00a0info@strojirnykohout.czWeb:\u00a0www.strojirnykohout.cz Jednatel\u00e9 spole\u010dnosti:Vojt\u011bch Kohout, Zden\u011bk Kohout DI\u010c:\u00a0CZ25204572M\u00edsto soudu:\u00a0Doma\u017eliceObchodn\u00ed rejst\u0159\u00edk:\u00a0Krajsk\u00fd soud Plze\u0148, odd\u00edl C, vlo\u017eka 8223 , zapsan\u00e1 13.11.1996 \u00a0\" \/>\r\n<meta property=\"og:url\" content=\"https:\/\/www.strojirnykohout.cz\/de\/impressum\" \/>\r\n<meta property=\"og:site_name\" content=\"Stroj\u00edrny Kohout\" \/>\r\n<meta property=\"article:modified_time\" content=\"2022-12-05T09:43:49+00:00\" \/>\r\n<meta name=\"twitter:card\" content=\"summary_large_image\" \/>\r\n<script type=\"application\/ld+json\" class=\"yoast-schema-graph\">{\"@context\":\"https:\/\/schema.org\",\"@graph\":[{\"@type\":\"WebPage\",\"@id\":\"https:\/\/www.strojirnykohout.cz\/impressum\",\"url\":\"https:\/\/www.strojirnykohout.cz\/impressum\",\"name\":\"Impressum - Stroj\u00edrny Kohout\",\"isPartOf\":{\"@id\":\"https:\/\/www.strojirnykohout.cz\/de\/#website\"},\"datePublished\":\"2022-11-01T18:21:49+00:00\",\"dateModified\":\"2022-12-05T09:43:49+00:00\",\"breadcrumb\":{\"@id\":\"https:\/\/www.strojirnykohout.cz\/impressum#breadcrumb\"},\"inLanguage\":\"de-DE\",\"potentialAction\":[{\"@type\":\"ReadAction\",\"target\":[\"https:\/\/www.strojirnykohout.cz\/impressum\"]}]},{\"@type\":\"BreadcrumbList\",\"@id\":\"https:\/\/www.strojirnykohout.cz\/impressum#breadcrumb\",\"itemListElement\":[{\"@type\":\"ListItem\",\"position\":1,\"name\":\"Home\",\"item\":\"https:\/\/www.strojirnykohout.cz\/\"},{\"@type\":\"ListItem\",\"position\":2,\"name\":\"Impressum\"}]},{\"@type\":\"WebSite\",\"@id\":\"https:\/\/www.strojirnykohout.cz\/de\/#website\",\"url\":\"https:\/\/www.strojirnykohout.cz\/de\/\",\"name\":\"Stroj\u00edrny Kohout\",\"description\":\"SPECIALISTA NA P\u0158ESN\u00c9 OBR\u00c1B\u011aN\u00cd\",\"publisher\":{\"@id\":\"https:\/\/www.strojirnykohout.cz\/de\/#organization\"},\"potentialAction\":[{\"@type\":\"SearchAction\",\"target\":{\"@type\":\"EntryPoint\",\"urlTemplate\":\"https:\/\/www.strojirnykohout.cz\/de\/?s={search_term_string}\"},\"query-input\":\"required name=search_term_string\"}],\"inLanguage\":\"de-DE\"},{\"@type\":\"Organization\",\"@id\":\"https:\/\/www.strojirnykohout.cz\/de\/#organization\",\"name\":\"Stroj\u00edrny Kohout\",\"url\":\"https:\/\/www.strojirnykohout.cz\/de\/\",\"logo\":{\"@type\":\"ImageObject\",\"inLanguage\":\"de-DE\",\"@id\":\"https:\/\/www.strojirnykohout.cz\/de\/#\/schema\/logo\/image\/\",\"url\":\"https:\/\/www.strojirnykohout.cz\/wp-content\/uploads\/2022\/10\/logo-dark.png\",\"contentUrl\":\"https:\/\/www.strojirnykohout.cz\/wp-content\/uploads\/2022\/10\/logo-dark.png\",\"width\":350,\"height\":100,\"caption\":\"Stroj\u00edrny Kohout\"},\"image\":{\"@id\":\"https:\/\/www.strojirnykohout.cz\/de\/#\/schema\/logo\/image\/\"}}]}<\/script>\r\n<!-- \/ Yoast SEO plugin. -->","yoast_head_json":{"title":"Impressum - Stroj\u00edrny Kohout","robots":{"index":"index","follow":"follow","max-snippet":"max-snippet:-1","max-image-preview":"max-image-preview:large","max-video-preview":"max-video-preview:-1"},"canonical":"https:\/\/www.strojirnykohout.cz\/de\/impressum","og_locale":"de_DE","og_type":"article","og_title":"Impressum - Stroj\u00edrny Kohout","og_description":"Impressum S\u00eddlo (zas\u00edl\u00e1n\u00ed korespondence):Stroj\u00edrny Kohout, spol. s r.o.Klatovsk\u00e1 77345 06 Kdyn\u011b, CZ Provozovna (zas\u00edl\u00e1n\u00ed materi\u00e1lu):Stroj\u00edrny Kohout, spol. s r.o.\u0160koln\u00ed 680345 06 Kdyn\u011b, CZ Telefon: +420 379 775 111Telefax: +420 379 775 115E-Mail:\u00a0info@strojirnykohout.czWeb:\u00a0www.strojirnykohout.cz Jednatel\u00e9 spole\u010dnosti:Vojt\u011bch Kohout, Zden\u011bk Kohout DI\u010c:\u00a0CZ25204572M\u00edsto soudu:\u00a0Doma\u017eliceObchodn\u00ed rejst\u0159\u00edk:\u00a0Krajsk\u00fd soud Plze\u0148, odd\u00edl C, vlo\u017eka 8223 , zapsan\u00e1 13.11.1996 \u00a0","og_url":"https:\/\/www.strojirnykohout.cz\/de\/impressum","og_site_name":"Stroj\u00edrny Kohout","article_modified_time":"2022-12-05T09:43:49+00:00","twitter_card":"summary_large_image","schema":{"@context":"https:\/\/schema.org","@graph":[{"@type":"WebPage","@id":"https:\/\/www.strojirnykohout.cz\/impressum","url":"https:\/\/www.strojirnykohout.cz\/impressum","name":"Impressum - Stroj\u00edrny Kohout","isPartOf":{"@id":"https:\/\/www.strojirnykohout.cz\/de\/#website"},"datePublished":"2022-11-01T18:21:49+00:00","dateModified":"2022-12-05T09:43:49+00:00","breadcrumb":{"@id":"https:\/\/www.strojirnykohout.cz\/impressum#breadcrumb"},"inLanguage":"de-DE","potentialAction":[{"@type":"ReadAction","target":["https:\/\/www.strojirnykohout.cz\/impressum"]}]},{"@type":"BreadcrumbList","@id":"https:\/\/www.strojirnykohout.cz\/impressum#breadcrumb","itemListElement":[{"@type":"ListItem","position":1,"name":"Home","item":"https:\/\/www.strojirnykohout.cz\/"},{"@type":"ListItem","position":2,"name":"Impressum"}]},{"@type":"WebSite","@id":"https:\/\/www.strojirnykohout.cz\/de\/#website","url":"https:\/\/www.strojirnykohout.cz\/de\/","name":"Stroj\u00edrny Kohout","description":"SPECIALISTA NA P\u0158ESN\u00c9 OBR\u00c1B\u011aN\u00cd","publisher":{"@id":"https:\/\/www.strojirnykohout.cz\/de\/#organization"},"potentialAction":[{"@type":"SearchAction","target":{"@type":"EntryPoint","urlTemplate":"https:\/\/www.strojirnykohout.cz\/de\/?s={search_term_string}"},"query-input":"required name=search_term_string"}],"inLanguage":"de-DE"},{"@type":"Organization","@id":"https:\/\/www.strojirnykohout.cz\/de\/#organization","name":"Stroj\u00edrny Kohout","url":"https:\/\/www.strojirnykohout.cz\/de\/","logo":{"@type":"ImageObject","inLanguage":"de-DE","@id":"https:\/\/www.strojirnykohout.cz\/de\/#\/schema\/logo\/image\/","url":"https:\/\/www.strojirnykohout.cz\/wp-content\/uploads\/2022\/10\/logo-dark.png","contentUrl":"https:\/\/www.strojirnykohout.cz\/wp-content\/uploads\/2022\/10\/logo-dark.png","width":350,"height":100,"caption":"Stroj\u00edrny Kohout"},"image":{"@id":"https:\/\/www.strojirnykohout.cz\/de\/#\/schema\/logo\/image\/"}}]}},"_links":{"self":[{"href":"https:\/\/www.strojirnykohout.cz\/de\/wp-json\/wp\/v2\/pages\/4126"}],"collection":[{"href":"https:\/\/www.strojirnykohout.cz\/de\/wp-json\/wp\/v2\/pages"}],"about":[{"href":"https:\/\/www.strojirnykohout.cz\/de\/wp-json\/wp\/v2\/types\/page"}],"author":[{"embeddable":true,"href":"https:\/\/www.strojirnykohout.cz\/de\/wp-json\/wp\/v2\/users\/1"}],"replies":[{"embeddable":true,"href":"https:\/\/www.strojirnykohout.cz\/de\/wp-json\/wp\/v2\/comments?post=4126"}],"version-history":[{"count":41,"href":"https:\/\/www.strojirnykohout.cz\/de\/wp-json\/wp\/v2\/pages\/4126\/revisions"}],"predecessor-version":[{"id":4602,"href":"https:\/\/www.strojirnykohout.cz\/de\/wp-json\/wp\/v2\/pages\/4126\/revisions\/4602"}],"wp:attachment":[{"href":"https:\/\/www.strojirnykohout.cz\/de\/wp-json\/wp\/v2\/media?parent=4126"}],"curies":[{"name":"wp","href":"https:\/\/api.w.org\/{rel}","templated":true}]}}