{"id":3091,"date":"2022-10-20T07:54:38","date_gmt":"2022-10-20T07:54:38","guid":{"rendered":"https:\/\/www.strojirnykohout.cz\/?page_id=3091"},"modified":"2022-11-02T15:20:31","modified_gmt":"2022-11-02T15:20:31","slug":"reference","status":"publish","type":"page","link":"https:\/\/www.strojirnykohout.cz\/de\/reference","title":{"rendered":"Referenz"},"content":{"rendered":"<div data-elementor-type=\"wp-post\" data-elementor-id=\"3091\" class=\"elementor elementor-3091\">\n\t\t\t\t\t\t\t\t\t<section class=\"elementor-section elementor-top-section elementor-element elementor-element-1b2d97f elementor-section-boxed elementor-section-height-default elementor-section-height-default\" data-id=\"1b2d97f\" data-element_type=\"section\">\n\t\t\t\t\t\t<div class=\"elementor-container elementor-column-gap-default\">\n\t\t\t\t\t<div class=\"elementor-column elementor-col-100 elementor-top-column elementor-element elementor-element-655c7b6\" data-id=\"655c7b6\" data-element_type=\"column\">\n\t\t\t<div class=\"elementor-widget-wrap elementor-element-populated\">\n\t\t\t\t\t\t\t\t<div class=\"elementor-element elementor-element-e775193 elementor-widget elementor-widget-buildbench-title\" data-id=\"e775193\" data-element_type=\"widget\" data-widget_type=\"buildbench-title.default\">\n\t\t\t\t<div class=\"elementor-widget-container\">\n\t\t\t         <div class=\"section-heading-content\">\n            <h2 class=\"section-title\">\n                <span class=\"sub-title\">REFERENZ<\/span>\n                 Informationen \u00fcber unsere Produktionsm\u00f6glichkeiten                             <\/h2>\n         <\/div><!-- Section title -->\t\t\n\n     \n    \t\t<\/div>\n\t\t\t\t<\/div>\n\t\t\t\t\t<\/div>\n\t\t<\/div>\n\t\t\t\t\t\t\t<\/div>\n\t\t<\/section>\n\t\t\t\t<section class=\"elementor-section elementor-top-section elementor-element elementor-element-0c99fe1 elementor-section-boxed elementor-section-height-default elementor-section-height-default\" data-id=\"0c99fe1\" data-element_type=\"section\" data-settings=\"{&quot;background_background&quot;:&quot;classic&quot;}\">\n\t\t\t\t\t\t<div class=\"elementor-container elementor-column-gap-default\">\n\t\t\t\t\t<div class=\"elementor-column elementor-col-100 elementor-top-column elementor-element elementor-element-5981b4a\" data-id=\"5981b4a\" data-element_type=\"column\">\n\t\t\t<div class=\"elementor-widget-wrap elementor-element-populated\">\n\t\t\t\t\t\t\t\t<div class=\"elementor-element elementor-element-a019535 elementor-widget elementor-widget-heading\" data-id=\"a019535\" data-element_type=\"widget\" data-widget_type=\"heading.default\">\n\t\t\t\t<div class=\"elementor-widget-container\">\n\t\t\t<style>\/*! elementor - v3.7.8 - 02-10-2022 *\/\n.elementor-heading-title{padding:0;margin:0;line-height:1}.elementor-widget-heading .elementor-heading-title[class*=elementor-size-]>a{color:inherit;font-size:inherit;line-height:inherit}.elementor-widget-heading .elementor-heading-title.elementor-size-small{font-size:15px}.elementor-widget-heading .elementor-heading-title.elementor-size-medium{font-size:19px}.elementor-widget-heading .elementor-heading-title.elementor-size-large{font-size:29px}.elementor-widget-heading .elementor-heading-title.elementor-size-xl{font-size:39px}.elementor-widget-heading .elementor-heading-title.elementor-size-xxl{font-size:59px}<\/style><h3 class=\"elementor-heading-title elementor-size-default\">PROBEN AUS UNSERER PRODUKTION<\/h3>\t\t<\/div>\n\t\t\t\t<\/div>\n\t\t\t\t<section class=\"elementor-section elementor-inner-section elementor-element elementor-element-8b9045e elementor-section-boxed elementor-section-height-default elementor-section-height-default\" data-id=\"8b9045e\" data-element_type=\"section\">\n\t\t\t\t\t\t<div class=\"elementor-container elementor-column-gap-default\">\n\t\t\t\t\t<div class=\"elementor-column elementor-col-50 elementor-inner-column elementor-element elementor-element-dcbfd51\" data-id=\"dcbfd51\" data-element_type=\"column\">\n\t\t\t<div class=\"elementor-widget-wrap elementor-element-populated\">\n\t\t\t\t\t\t\t\t<div class=\"elementor-element elementor-element-53fbdca elementor-widget elementor-widget-image\" data-id=\"53fbdca\" data-element_type=\"widget\" data-widget_type=\"image.default\">\n\t\t\t\t<div class=\"elementor-widget-container\">\n\t\t\t<style>\/*! elementor - v3.7.8 - 02-10-2022 *\/\n.elementor-widget-image{text-align:center}.elementor-widget-image a{display:inline-block}.elementor-widget-image a img[src$=\".svg\"]{width:48px}.elementor-widget-image img{vertical-align:middle;display:inline-block}<\/style>\t\t\t\t\t\t\t\t\t\t\t\t\t<a href=\"https:\/\/www.strojirnykohout.cz\/wp-content\/uploads\/2022\/11\/vystavka_3-scaled.jpg\" data-elementor-open-lightbox=\"yes\" data-elementor-lightbox-title=\"vystavka_3\" e-action-hash=\"#elementor-action%3Aaction%3Dlightbox%26settings%3DeyJpZCI6NDExNywidXJsIjoiaHR0cHM6XC9cL3d3dy5zdHJvamlybnlrb2hvdXQuY3pcL3dwLWNvbnRlbnRcL3VwbG9hZHNcLzIwMjJcLzExXC92eXN0YXZrYV8zLXNjYWxlZC5qcGcifQ%3D%3D\">\n\t\t\t\t\t\t\t<img decoding=\"async\" width=\"500\" height=\"281\" src=\"https:\/\/www.strojirnykohout.cz\/wp-content\/uploads\/2022\/11\/vystavka_3-500x281.jpg\" class=\"attachment-medium size-medium\" alt=\"\" loading=\"lazy\" srcset=\"https:\/\/www.strojirnykohout.cz\/wp-content\/uploads\/2022\/11\/vystavka_3-500x281.jpg 500w, https:\/\/www.strojirnykohout.cz\/wp-content\/uploads\/2022\/11\/vystavka_3-1600x900.jpg 1600w, https:\/\/www.strojirnykohout.cz\/wp-content\/uploads\/2022\/11\/vystavka_3-768x432.jpg 768w, https:\/\/www.strojirnykohout.cz\/wp-content\/uploads\/2022\/11\/vystavka_3-1536x864.jpg 1536w, https:\/\/www.strojirnykohout.cz\/wp-content\/uploads\/2022\/11\/vystavka_3-2048x1152.jpg 2048w, https:\/\/www.strojirnykohout.cz\/wp-content\/uploads\/2022\/11\/vystavka_3-18x10.jpg 18w\" sizes=\"(max-width: 500px) 100vw, 500px\" \/>\t\t\t\t\t\t\t\t<\/a>\n\t\t\t\t\t\t\t\t\t\t\t\t\t\t\t<\/div>\n\t\t\t\t<\/div>\n\t\t\t\t\t<\/div>\n\t\t<\/div>\n\t\t\t\t<div class=\"elementor-column elementor-col-50 elementor-inner-column elementor-element elementor-element-456cc15\" data-id=\"456cc15\" data-element_type=\"column\">\n\t\t\t<div class=\"elementor-widget-wrap elementor-element-populated\">\n\t\t\t\t\t\t\t\t<div class=\"elementor-element elementor-element-71e4cdf elementor-widget elementor-widget-image\" data-id=\"71e4cdf\" data-element_type=\"widget\" data-widget_type=\"image.default\">\n\t\t\t\t<div class=\"elementor-widget-container\">\n\t\t\t\t\t\t\t\t\t\t\t\t\t\t\t\t<a href=\"https:\/\/www.strojirnykohout.cz\/wp-content\/uploads\/2022\/11\/vystavka_2-scaled.jpg\" data-elementor-open-lightbox=\"yes\" data-elementor-lightbox-title=\"vystavka_2\" e-action-hash=\"#elementor-action%3Aaction%3Dlightbox%26settings%3DeyJpZCI6NDExNiwidXJsIjoiaHR0cHM6XC9cL3d3dy5zdHJvamlybnlrb2hvdXQuY3pcL3dwLWNvbnRlbnRcL3VwbG9hZHNcLzIwMjJcLzExXC92eXN0YXZrYV8yLXNjYWxlZC5qcGcifQ%3D%3D\">\n\t\t\t\t\t\t\t<img decoding=\"async\" width=\"500\" height=\"281\" src=\"https:\/\/www.strojirnykohout.cz\/wp-content\/uploads\/2022\/11\/vystavka_2-500x281.jpg\" class=\"attachment-medium size-medium\" alt=\"\" loading=\"lazy\" srcset=\"https:\/\/www.strojirnykohout.cz\/wp-content\/uploads\/2022\/11\/vystavka_2-500x281.jpg 500w, https:\/\/www.strojirnykohout.cz\/wp-content\/uploads\/2022\/11\/vystavka_2-1600x900.jpg 1600w, https:\/\/www.strojirnykohout.cz\/wp-content\/uploads\/2022\/11\/vystavka_2-768x432.jpg 768w, https:\/\/www.strojirnykohout.cz\/wp-content\/uploads\/2022\/11\/vystavka_2-1536x864.jpg 1536w, https:\/\/www.strojirnykohout.cz\/wp-content\/uploads\/2022\/11\/vystavka_2-2048x1152.jpg 2048w, https:\/\/www.strojirnykohout.cz\/wp-content\/uploads\/2022\/11\/vystavka_2-18x10.jpg 18w\" sizes=\"(max-width: 500px) 100vw, 500px\" \/>\t\t\t\t\t\t\t\t<\/a>\n\t\t\t\t\t\t\t\t\t\t\t\t\t\t\t<\/div>\n\t\t\t\t<\/div>\n\t\t\t\t\t<\/div>\n\t\t<\/div>\n\t\t\t\t\t\t\t<\/div>\n\t\t<\/section>\n\t\t\t\t\t<\/div>\n\t\t<\/div>\n\t\t\t\t\t\t\t<\/div>\n\t\t<\/section>\n\t\t\t\t<section class=\"elementor-section elementor-top-section elementor-element elementor-element-d974f94 elementor-section-boxed elementor-section-height-default elementor-section-height-default\" data-id=\"d974f94\" data-element_type=\"section\">\n\t\t\t\t\t\t<div class=\"elementor-container elementor-column-gap-default\">\n\t\t\t\t\t<div class=\"elementor-column elementor-col-100 elementor-top-column elementor-element elementor-element-01321d9\" data-id=\"01321d9\" data-element_type=\"column\">\n\t\t\t<div class=\"elementor-widget-wrap elementor-element-populated\">\n\t\t\t\t\t\t\t\t<div class=\"elementor-element elementor-element-785f3d4 elementor-widget elementor-widget-buildbench-title\" data-id=\"785f3d4\" data-element_type=\"widget\" data-widget_type=\"buildbench-title.default\">\n\t\t\t\t<div class=\"elementor-widget-container\">\n\t\t\t         <div class=\"section-heading-content\">\n            <h2 class=\"section-title\">\n                <span class=\"sub-title\"><\/span>\n                 Zu unseren wichtigsten Kunden geh\u00f6ren                             <\/h2>\n         <\/div><!-- Section title -->\t\t\n\n     \n    \t\t<\/div>\n\t\t\t\t<\/div>\n\t\t\t\t\t<\/div>\n\t\t<\/div>\n\t\t\t\t\t\t\t<\/div>\n\t\t<\/section>\n\t\t\t\t<section class=\"elementor-section elementor-top-section elementor-element elementor-element-03b0243 elementor-section-boxed elementor-section-height-default elementor-section-height-default\" data-id=\"03b0243\" data-element_type=\"section\">\n\t\t\t\t\t\t<div class=\"elementor-container elementor-column-gap-default\">\n\t\t\t\t\t<div class=\"elementor-column elementor-col-100 elementor-top-column elementor-element elementor-element-d74d116\" data-id=\"d74d116\" data-element_type=\"column\">\n\t\t\t<div class=\"elementor-widget-wrap elementor-element-populated\">\n\t\t\t\t\t\t\t\t<div class=\"elementor-element elementor-element-060b69a gray-logos elementor-widget elementor-widget-image-carousel\" data-id=\"060b69a\" data-element_type=\"widget\" data-settings=\"{&quot;slides_to_show&quot;:&quot;5&quot;,&quot;slides_to_scroll&quot;:&quot;1&quot;,&quot;navigation&quot;:&quot;none&quot;,&quot;image_spacing_custom&quot;:{&quot;unit&quot;:&quot;px&quot;,&quot;size&quot;:10,&quot;sizes&quot;:[]},&quot;slides_to_show_tablet&quot;:&quot;3&quot;,&quot;autoplay&quot;:&quot;no&quot;,&quot;infinite&quot;:&quot;no&quot;,&quot;speed&quot;:500}\" data-widget_type=\"image-carousel.default\">\n\t\t\t\t<div class=\"elementor-widget-container\">\n\t\t\t<style>\/*! elementor - v3.7.8 - 02-10-2022 *\/\n.elementor-widget-image-carousel .swiper-container{position:static}.elementor-widget-image-carousel .swiper-container .swiper-slide figure{line-height:inherit}.elementor-widget-image-carousel .swiper-slide{text-align:center}.elementor-image-carousel-wrapper:not(.swiper-container-initialized) .swiper-slide{max-width:calc(100% \/ var(--e-image-carousel-slides-to-show, 3))}<\/style>\t\t<div class=\"elementor-image-carousel-wrapper swiper-container\" dir=\"ltr\">\n\t\t\t<div class=\"elementor-image-carousel swiper-wrapper\">\n\t\t\t\t\t\t\t\t<div class=\"swiper-slide\"><figure class=\"swiper-slide-inner\"><img decoding=\"async\" class=\"swiper-slide-image\" src=\"https:\/\/www.strojirnykohout.cz\/wp-content\/uploads\/2022\/10\/1-1.png\" alt=\"1-1\" \/><\/figure><\/div><div class=\"swiper-slide\"><figure class=\"swiper-slide-inner\"><img decoding=\"async\" class=\"swiper-slide-image\" src=\"https:\/\/www.strojirnykohout.cz\/wp-content\/uploads\/2022\/10\/2-1.png\" alt=\"2-1\" \/><\/figure><\/div><div class=\"swiper-slide\"><figure class=\"swiper-slide-inner\"><img decoding=\"async\" class=\"swiper-slide-image\" src=\"https:\/\/www.strojirnykohout.cz\/wp-content\/uploads\/2022\/10\/3-1.png\" alt=\"3-1\" \/><\/figure><\/div><div class=\"swiper-slide\"><figure class=\"swiper-slide-inner\"><img decoding=\"async\" class=\"swiper-slide-image\" src=\"https:\/\/www.strojirnykohout.cz\/wp-content\/uploads\/2022\/10\/4-1.png\" alt=\"4-1\" \/><\/figure><\/div><div class=\"swiper-slide\"><figure class=\"swiper-slide-inner\"><img decoding=\"async\" class=\"swiper-slide-image\" src=\"https:\/\/www.strojirnykohout.cz\/wp-content\/uploads\/2022\/10\/5-1.png\" alt=\"5-1\" \/><\/figure><\/div>\t\t\t<\/div>\n\t\t\t\t\t\t\t\t\t\t\t\t\t\t\t\t<\/div>\n\t\t\t\t<\/div>\n\t\t\t\t<\/div>\n\t\t\t\t\t<\/div>\n\t\t<\/div>\n\t\t\t\t\t\t\t<\/div>\n\t\t<\/section>\n\t\t\t\t\t\t\t<\/div>","protected":false},"excerpt":{"rendered":"<p>REFERENCE Informace o na\u0161ich v\u00fdrobn\u00edch mo\u017enostech UK\u00c1ZKY Z NA\u0160\u00cd V\u00ddROBY Mezi na\u0161e v\u00fdznamn\u00e9 z\u00e1kazn\u00edky pat\u0159\u00ed<\/p>","protected":false},"author":1,"featured_media":0,"parent":0,"menu_order":0,"comment_status":"closed","ping_status":"closed","template":"template\/full-width-template.php","meta":[],"yoast_head":"<!-- This site is optimized with the Yoast SEO plugin v21.1 - https:\/\/yoast.com\/wordpress\/plugins\/seo\/ -->\r\n<title>Reference - Stroj\u00edrny Kohout<\/title>\r\n<meta name=\"robots\" content=\"index, follow, max-snippet:-1, max-image-preview:large, max-video-preview:-1\" \/>\r\n<link rel=\"canonical\" href=\"https:\/\/www.strojirnykohout.cz\/de\/reference\" \/>\r\n<meta property=\"og:locale\" content=\"de_DE\" \/>\r\n<meta property=\"og:type\" content=\"article\" \/>\r\n<meta property=\"og:title\" content=\"Reference - Stroj\u00edrny Kohout\" \/>\r\n<meta property=\"og:description\" content=\"REFERENCE Informace o na\u0161ich v\u00fdrobn\u00edch mo\u017enostech UK\u00c1ZKY Z NA\u0160\u00cd V\u00ddROBY Mezi na\u0161e v\u00fdznamn\u00e9 z\u00e1kazn\u00edky pat\u0159\u00ed\" \/>\r\n<meta property=\"og:url\" content=\"https:\/\/www.strojirnykohout.cz\/de\/reference\" \/>\r\n<meta property=\"og:site_name\" content=\"Stroj\u00edrny Kohout\" \/>\r\n<meta property=\"article:modified_time\" content=\"2022-11-02T15:20:31+00:00\" \/>\r\n<meta property=\"og:image\" content=\"https:\/\/www.strojirnykohout.cz\/wp-content\/uploads\/2022\/11\/vystavka_3-500x281.jpg\" \/>\r\n<meta name=\"twitter:card\" content=\"summary_large_image\" \/>\r\n<script type=\"application\/ld+json\" class=\"yoast-schema-graph\">{\"@context\":\"https:\/\/schema.org\",\"@graph\":[{\"@type\":\"WebPage\",\"@id\":\"https:\/\/www.strojirnykohout.cz\/reference\",\"url\":\"https:\/\/www.strojirnykohout.cz\/reference\",\"name\":\"Reference - Stroj\u00edrny Kohout\",\"isPartOf\":{\"@id\":\"https:\/\/www.strojirnykohout.cz\/de\/#website\"},\"datePublished\":\"2022-10-20T07:54:38+00:00\",\"dateModified\":\"2022-11-02T15:20:31+00:00\",\"breadcrumb\":{\"@id\":\"https:\/\/www.strojirnykohout.cz\/reference#breadcrumb\"},\"inLanguage\":\"de-DE\",\"potentialAction\":[{\"@type\":\"ReadAction\",\"target\":[\"https:\/\/www.strojirnykohout.cz\/reference\"]}]},{\"@type\":\"BreadcrumbList\",\"@id\":\"https:\/\/www.strojirnykohout.cz\/reference#breadcrumb\",\"itemListElement\":[{\"@type\":\"ListItem\",\"position\":1,\"name\":\"Home\",\"item\":\"https:\/\/www.strojirnykohout.cz\/\"},{\"@type\":\"ListItem\",\"position\":2,\"name\":\"Reference\"}]},{\"@type\":\"WebSite\",\"@id\":\"https:\/\/www.strojirnykohout.cz\/de\/#website\",\"url\":\"https:\/\/www.strojirnykohout.cz\/de\/\",\"name\":\"Stroj\u00edrny Kohout\",\"description\":\"SPECIALISTA NA P\u0158ESN\u00c9 OBR\u00c1B\u011aN\u00cd\",\"publisher\":{\"@id\":\"https:\/\/www.strojirnykohout.cz\/de\/#organization\"},\"potentialAction\":[{\"@type\":\"SearchAction\",\"target\":{\"@type\":\"EntryPoint\",\"urlTemplate\":\"https:\/\/www.strojirnykohout.cz\/de\/?s={search_term_string}\"},\"query-input\":\"required name=search_term_string\"}],\"inLanguage\":\"de-DE\"},{\"@type\":\"Organization\",\"@id\":\"https:\/\/www.strojirnykohout.cz\/de\/#organization\",\"name\":\"Stroj\u00edrny Kohout\",\"url\":\"https:\/\/www.strojirnykohout.cz\/de\/\",\"logo\":{\"@type\":\"ImageObject\",\"inLanguage\":\"de-DE\",\"@id\":\"https:\/\/www.strojirnykohout.cz\/de\/#\/schema\/logo\/image\/\",\"url\":\"https:\/\/www.strojirnykohout.cz\/wp-content\/uploads\/2022\/10\/logo-dark.png\",\"contentUrl\":\"https:\/\/www.strojirnykohout.cz\/wp-content\/uploads\/2022\/10\/logo-dark.png\",\"width\":350,\"height\":100,\"caption\":\"Stroj\u00edrny Kohout\"},\"image\":{\"@id\":\"https:\/\/www.strojirnykohout.cz\/de\/#\/schema\/logo\/image\/\"}}]}<\/script>\r\n<!-- \/ Yoast SEO plugin. -->","yoast_head_json":{"title":"Reference - Stroj\u00edrny Kohout","robots":{"index":"index","follow":"follow","max-snippet":"max-snippet:-1","max-image-preview":"max-image-preview:large","max-video-preview":"max-video-preview:-1"},"canonical":"https:\/\/www.strojirnykohout.cz\/de\/reference","og_locale":"de_DE","og_type":"article","og_title":"Reference - Stroj\u00edrny Kohout","og_description":"REFERENCE Informace o na\u0161ich v\u00fdrobn\u00edch mo\u017enostech UK\u00c1ZKY Z NA\u0160\u00cd V\u00ddROBY Mezi na\u0161e v\u00fdznamn\u00e9 z\u00e1kazn\u00edky pat\u0159\u00ed","og_url":"https:\/\/www.strojirnykohout.cz\/de\/reference","og_site_name":"Stroj\u00edrny Kohout","article_modified_time":"2022-11-02T15:20:31+00:00","og_image":[{"url":"https:\/\/www.strojirnykohout.cz\/wp-content\/uploads\/2022\/11\/vystavka_3-500x281.jpg"}],"twitter_card":"summary_large_image","schema":{"@context":"https:\/\/schema.org","@graph":[{"@type":"WebPage","@id":"https:\/\/www.strojirnykohout.cz\/reference","url":"https:\/\/www.strojirnykohout.cz\/reference","name":"Reference - Stroj\u00edrny Kohout","isPartOf":{"@id":"https:\/\/www.strojirnykohout.cz\/de\/#website"},"datePublished":"2022-10-20T07:54:38+00:00","dateModified":"2022-11-02T15:20:31+00:00","breadcrumb":{"@id":"https:\/\/www.strojirnykohout.cz\/reference#breadcrumb"},"inLanguage":"de-DE","potentialAction":[{"@type":"ReadAction","target":["https:\/\/www.strojirnykohout.cz\/reference"]}]},{"@type":"BreadcrumbList","@id":"https:\/\/www.strojirnykohout.cz\/reference#breadcrumb","itemListElement":[{"@type":"ListItem","position":1,"name":"Home","item":"https:\/\/www.strojirnykohout.cz\/"},{"@type":"ListItem","position":2,"name":"Reference"}]},{"@type":"WebSite","@id":"https:\/\/www.strojirnykohout.cz\/de\/#website","url":"https:\/\/www.strojirnykohout.cz\/de\/","name":"Stroj\u00edrny Kohout","description":"SPECIALISTA NA P\u0158ESN\u00c9 OBR\u00c1B\u011aN\u00cd","publisher":{"@id":"https:\/\/www.strojirnykohout.cz\/de\/#organization"},"potentialAction":[{"@type":"SearchAction","target":{"@type":"EntryPoint","urlTemplate":"https:\/\/www.strojirnykohout.cz\/de\/?s={search_term_string}"},"query-input":"required name=search_term_string"}],"inLanguage":"de-DE"},{"@type":"Organization","@id":"https:\/\/www.strojirnykohout.cz\/de\/#organization","name":"Stroj\u00edrny Kohout","url":"https:\/\/www.strojirnykohout.cz\/de\/","logo":{"@type":"ImageObject","inLanguage":"de-DE","@id":"https:\/\/www.strojirnykohout.cz\/de\/#\/schema\/logo\/image\/","url":"https:\/\/www.strojirnykohout.cz\/wp-content\/uploads\/2022\/10\/logo-dark.png","contentUrl":"https:\/\/www.strojirnykohout.cz\/wp-content\/uploads\/2022\/10\/logo-dark.png","width":350,"height":100,"caption":"Stroj\u00edrny Kohout"},"image":{"@id":"https:\/\/www.strojirnykohout.cz\/de\/#\/schema\/logo\/image\/"}}]}},"_links":{"self":[{"href":"https:\/\/www.strojirnykohout.cz\/de\/wp-json\/wp\/v2\/pages\/3091"}],"collection":[{"href":"https:\/\/www.strojirnykohout.cz\/de\/wp-json\/wp\/v2\/pages"}],"about":[{"href":"https:\/\/www.strojirnykohout.cz\/de\/wp-json\/wp\/v2\/types\/page"}],"author":[{"embeddable":true,"href":"https:\/\/www.strojirnykohout.cz\/de\/wp-json\/wp\/v2\/users\/1"}],"replies":[{"embeddable":true,"href":"https:\/\/www.strojirnykohout.cz\/de\/wp-json\/wp\/v2\/comments?post=3091"}],"version-history":[{"count":112,"href":"https:\/\/www.strojirnykohout.cz\/de\/wp-json\/wp\/v2\/pages\/3091\/revisions"}],"predecessor-version":[{"id":4340,"href":"https:\/\/www.strojirnykohout.cz\/de\/wp-json\/wp\/v2\/pages\/3091\/revisions\/4340"}],"wp:attachment":[{"href":"https:\/\/www.strojirnykohout.cz\/de\/wp-json\/wp\/v2\/media?parent=3091"}],"curies":[{"name":"wp","href":"https:\/\/api.w.org\/{rel}","templated":true}]}}