{"id":3020,"date":"2022-10-20T07:06:36","date_gmt":"2022-10-20T07:06:36","guid":{"rendered":"https:\/\/www.strojirnykohout.cz\/?page_id=3020"},"modified":"2025-07-29T20:08:10","modified_gmt":"2025-07-29T20:08:10","slug":"nabidka-prace","status":"publish","type":"page","link":"https:\/\/www.strojirnykohout.cz\/de\/nabidka-prace","title":{"rendered":"Stellenangebot"},"content":{"rendered":"<div data-elementor-type=\"wp-post\" data-elementor-id=\"3020\" class=\"elementor elementor-3020\">\n\t\t\t\t\t\t\t\t\t<section class=\"elementor-section elementor-top-section elementor-element elementor-element-1b2d97f elementor-section-boxed elementor-section-height-default elementor-section-height-default\" data-id=\"1b2d97f\" data-element_type=\"section\">\n\t\t\t\t\t\t<div class=\"elementor-container elementor-column-gap-default\">\n\t\t\t\t\t<div class=\"elementor-column elementor-col-100 elementor-top-column elementor-element elementor-element-655c7b6\" data-id=\"655c7b6\" data-element_type=\"column\">\n\t\t\t<div class=\"elementor-widget-wrap elementor-element-populated\">\n\t\t\t\t\t\t\t\t<div class=\"elementor-element elementor-element-e775193 elementor-widget elementor-widget-buildbench-title\" data-id=\"e775193\" data-element_type=\"widget\" data-widget_type=\"buildbench-title.default\">\n\t\t\t\t<div class=\"elementor-widget-container\">\n\t\t\t         <div class=\"section-heading-content\">\n            <h2 class=\"section-title\">\n                <span class=\"sub-title\">JOBANGEBOT<\/span>\n                 Aktuelle Stellenausschreibungen                             <\/h2>\n         <\/div><!-- Section title -->\t\t\n\n     \n    \t\t<\/div>\n\t\t\t\t<\/div>\n\t\t\t\t\t<\/div>\n\t\t<\/div>\n\t\t\t\t\t\t\t<\/div>\n\t\t<\/section>\n\t\t\t\t<section class=\"elementor-section elementor-top-section elementor-element elementor-element-0c99fe1 elementor-section-boxed elementor-section-height-default elementor-section-height-default\" data-id=\"0c99fe1\" data-element_type=\"section\" data-settings=\"{&quot;background_background&quot;:&quot;classic&quot;}\">\n\t\t\t\t\t\t<div class=\"elementor-container elementor-column-gap-default\">\n\t\t\t\t\t<div class=\"elementor-column elementor-col-100 elementor-top-column elementor-element elementor-element-5981b4a\" data-id=\"5981b4a\" data-element_type=\"column\">\n\t\t\t<div class=\"elementor-widget-wrap elementor-element-populated\">\n\t\t\t\t\t\t\t\t<div class=\"elementor-element elementor-element-51af833 c-900 elementor-widget elementor-widget-text-editor\" data-id=\"51af833\" data-element_type=\"widget\" data-widget_type=\"text-editor.default\">\n\t\t\t\t<div class=\"elementor-widget-container\">\n\t\t\t<style>\/*! elementor - v3.7.8 - 02-10-2022 *\/\n.elementor-widget-text-editor.elementor-drop-cap-view-stacked .elementor-drop-cap{background-color:#818a91;color:#fff}.elementor-widget-text-editor.elementor-drop-cap-view-framed .elementor-drop-cap{color:#818a91;border:3px solid;background-color:transparent}.elementor-widget-text-editor:not(.elementor-drop-cap-view-default) .elementor-drop-cap{margin-top:8px}.elementor-widget-text-editor:not(.elementor-drop-cap-view-default) .elementor-drop-cap-letter{width:1em;height:1em}.elementor-widget-text-editor .elementor-drop-cap{float:left;text-align:center;line-height:1;font-size:50px}.elementor-widget-text-editor .elementor-drop-cap-letter{display:inline-block}<\/style>\t\t\t\t<p style=\"text-align: center;\">Wir suchen f\u00fcr unser Team zuverl\u00e4ssige, gewissenhafte, selbst\u00e4ndige und vor allem verantwortungsbewusste Kolleginnen und Kollegen, die mit Ehrgeiz arbeiten.<br \/>Wir sch\u00e4tzen jeden, der etwas kann, und bieten daf\u00fcr \u00fcberdurchschnittliches Gehalt (aber nicht nur das) und den Hintergrund eines Familienunternehmens, dessen Produkte Menschen helfen.<\/p>\t\t\t\t\t\t<\/div>\n\t\t\t\t<\/div>\n\t\t\t\t<div class=\"elementor-element elementor-element-35f6548 elementor-widget elementor-widget-image\" data-id=\"35f6548\" data-element_type=\"widget\" data-widget_type=\"image.default\">\n\t\t\t\t<div class=\"elementor-widget-container\">\n\t\t\t<style>\/*! elementor - v3.7.8 - 02-10-2022 *\/\n.elementor-widget-image{text-align:center}.elementor-widget-image a{display:inline-block}.elementor-widget-image a img[src$=\".svg\"]{width:48px}.elementor-widget-image img{vertical-align:middle;display:inline-block}<\/style>\t\t\t\t\t\t\t\t\t\t\t\t<img decoding=\"async\" width=\"1108\" height=\"447\" src=\"https:\/\/www.strojirnykohout.cz\/wp-content\/uploads\/2022\/11\/nabidka-prace.jpg\" class=\"attachment-full size-full\" alt=\"\" loading=\"lazy\" srcset=\"https:\/\/www.strojirnykohout.cz\/wp-content\/uploads\/2022\/11\/nabidka-prace.jpg 1108w, https:\/\/www.strojirnykohout.cz\/wp-content\/uploads\/2022\/11\/nabidka-prace-500x202.jpg 500w, https:\/\/www.strojirnykohout.cz\/wp-content\/uploads\/2022\/11\/nabidka-prace-768x310.jpg 768w, https:\/\/www.strojirnykohout.cz\/wp-content\/uploads\/2022\/11\/nabidka-prace-18x7.jpg 18w\" sizes=\"(max-width: 1108px) 100vw, 1108px\" \/>\t\t\t\t\t\t\t\t\t\t\t\t\t\t\t<\/div>\n\t\t\t\t<\/div>\n\t\t\t\t<div class=\"elementor-element elementor-element-9f92ef9 c-900 elementor-widget elementor-widget-text-editor\" data-id=\"9f92ef9\" data-element_type=\"widget\" data-widget_type=\"text-editor.default\">\n\t\t\t\t<div class=\"elementor-widget-container\">\n\t\t\t\t\t\t\t<p>Wenn Sie ernsthaft an einer Mitarbeit in unserem Unternehmen interessiert sind, senden Sie bitte eine E-Mail an<\/p><h3><a href=\"mailto:petr.skala@strojirnykohout.cz\"><span style=\"color: #f57e20;\">petr.skala@strojirnykohout.cz<\/span><\/a><\/h3><p>sowie einen professionellen Lebenslauf mit einem Vermerk, f\u00fcr welche Stelle Sie sich bewerben m\u00f6chten,<br \/>oder kontaktieren Sie uns per Telefon:<\/p><h3><span style=\"color: #f57e20;\">Petr Skala - Produktionsleiter<\/span><br \/><a href=\"tel:+420733641914\"><span style=\"color: #f57e20;\">+420 733 641 914<\/span><\/a><\/h3><p>Wir f\u00fchren Sie gerne durch unser Unternehmen und stellen Ihnen unsere Vision vor.<\/p>\t\t\t\t\t\t<\/div>\n\t\t\t\t<\/div>\n\t\t\t\t\t<\/div>\n\t\t<\/div>\n\t\t\t\t\t\t\t<\/div>\n\t\t<\/section>\n\t\t\t\t<section class=\"elementor-section elementor-top-section elementor-element elementor-element-ef51325 elementor-section-boxed elementor-section-height-default elementor-section-height-default\" data-id=\"ef51325\" data-element_type=\"section\" data-settings=\"{&quot;background_background&quot;:&quot;classic&quot;}\">\n\t\t\t\t\t\t<div class=\"elementor-container elementor-column-gap-default\">\n\t\t\t\t\t<div class=\"elementor-column elementor-col-50 elementor-top-column elementor-element elementor-element-ba9619d\" data-id=\"ba9619d\" data-element_type=\"column\">\n\t\t\t<div class=\"elementor-widget-wrap elementor-element-populated\">\n\t\t\t\t\t\t\t\t<div class=\"elementor-element elementor-element-e02d8e0 heading-orange elementor-widget elementor-widget-heading\" data-id=\"e02d8e0\" data-element_type=\"widget\" data-widget_type=\"heading.default\">\n\t\t\t\t<div class=\"elementor-widget-container\">\n\t\t\t<style>\/*! elementor - v3.7.8 - 02-10-2022 *\/\n.elementor-heading-title{padding:0;margin:0;line-height:1}.elementor-widget-heading .elementor-heading-title[class*=elementor-size-]>a{color:inherit;font-size:inherit;line-height:inherit}.elementor-widget-heading .elementor-heading-title.elementor-size-small{font-size:15px}.elementor-widget-heading .elementor-heading-title.elementor-size-medium{font-size:19px}.elementor-widget-heading .elementor-heading-title.elementor-size-large{font-size:29px}.elementor-widget-heading .elementor-heading-title.elementor-size-xl{font-size:39px}.elementor-widget-heading .elementor-heading-title.elementor-size-xxl{font-size:59px}<\/style><h3 class=\"elementor-heading-title elementor-size-default\">CNC-DREHER<\/h3>\t\t<\/div>\n\t\t\t\t<\/div>\n\t\t\t\t<div class=\"elementor-element elementor-element-8b3550a elementor-widget elementor-widget-text-editor\" data-id=\"8b3550a\" data-element_type=\"widget\" data-widget_type=\"text-editor.default\">\n\t\t\t\t<div class=\"elementor-widget-container\">\n\t\t\t\t\t\t\t<p><b>Stellenbeschreibung:<br \/><\/b><span style=\"font-family: var( --e-global-typography-text-font-family ), Sans-serif;\">- Herstellung von Teilen auf der Grundlage einer <br>&nbsp;  \u00a0spezifizierten technischen Dokumentation<br \/><\/span><span style=\"font-family: var( --e-global-typography-text-font-family ), Sans-serif;\">- Maschineneinstellung<br \/><\/span><span style=\"font-family: var( --e-global-typography-text-font-family ), Sans-serif;\">- Produktionskontrolle<br \/><\/span><span style=\"font-family: var( --e-global-typography-text-font-family ), Sans-serif;\">- Maschinenwartung<\/span><\/p><p><b>Wir bieten:<br \/><\/b><span style=\"font-family: var( --e-global-typography-text-font-family ), Sans-serif;\">- ruhiger Hintergrund eines Familienunternehmens<br \/><\/span><span style=\"font-family: var( --e-global-typography-text-font-family ), Sans-serif;\">- sofort anfangen<br \/><\/span><span style=\"font-family: var( --e-global-typography-text-font-family ), Sans-serif;\">- langfristige Arbeitsplatzsicherheit<br \/><\/span><span style=\"font-family: var( --e-global-typography-text-font-family ), Sans-serif;\">- M\u00f6glichkeit zur beruflichen Weiterentwicklung<br \/><\/span><span style=\"font-family: var( --e-global-typography-text-font-family ), Sans-serif;\">- \u00fcberdurchschnittliches Gehalt<\/span><\/p><div>&#8211; dvousm\u011bnn\u00fd provoz<\/div><div>&#8211; mo\u017enost p\u0159es\u010das\u016f (b\u011bhem pracovn\u00edho t\u00fddne a o v\u00edkendech)<\/div><div>&#8211; p\u0159\u00edsp\u011bvek na dopravu<\/div><div>&#8211; dotovan\u00e9 firemn\u00ed stravov\u00e1n\u00ed z nedalek\u00e9 restaurace<\/div><div>&#8211; stravovac\u00ed automaty v\u010detn\u011b k\u00e1vy na pracovi\u0161ti<\/div><div>&#8211; j\u00eddelna se za\u0159\u00edzenou kuchy\u0148skou linkou<\/div><div>&#8211; parkov\u00e1n\u00ed v are\u00e1lu spole\u010dnosti<\/div>\t\t\t\t\t\t<\/div>\n\t\t\t\t<\/div>\n\t\t\t\t\t<\/div>\n\t\t<\/div>\n\t\t\t\t<div class=\"elementor-column elementor-col-50 elementor-top-column elementor-element elementor-element-c869dc5\" data-id=\"c869dc5\" data-element_type=\"column\">\n\t\t\t<div class=\"elementor-widget-wrap elementor-element-populated\">\n\t\t\t\t\t\t\t\t<div class=\"elementor-element elementor-element-6b361f4 elementor-widget elementor-widget-image\" data-id=\"6b361f4\" data-element_type=\"widget\" data-widget_type=\"image.default\">\n\t\t\t\t<div class=\"elementor-widget-container\">\n\t\t\t\t\t\t\t\t\t\t\t\t\t\t\t<img decoding=\"async\" width=\"511\" height=\"351\" src=\"https:\/\/www.strojirnykohout.cz\/wp-content\/uploads\/2022\/10\/nabidka_1.jpg\" class=\"attachment-full size-full\" alt=\"\" loading=\"lazy\" srcset=\"https:\/\/www.strojirnykohout.cz\/wp-content\/uploads\/2022\/10\/nabidka_1.jpg 511w, https:\/\/www.strojirnykohout.cz\/wp-content\/uploads\/2022\/10\/nabidka_1-500x343.jpg 500w, https:\/\/www.strojirnykohout.cz\/wp-content\/uploads\/2022\/10\/nabidka_1-18x12.jpg 18w\" sizes=\"(max-width: 511px) 100vw, 511px\" \/>\t\t\t\t\t\t\t\t\t\t\t\t\t\t\t<\/div>\n\t\t\t\t<\/div>\n\t\t\t\t\t<\/div>\n\t\t<\/div>\n\t\t\t\t\t\t\t<\/div>\n\t\t<\/section>\n\t\t\t\t<section class=\"elementor-section elementor-top-section elementor-element elementor-element-4564083 elementor-section-boxed elementor-section-height-default elementor-section-height-default\" data-id=\"4564083\" data-element_type=\"section\" data-settings=\"{&quot;background_background&quot;:&quot;classic&quot;}\">\n\t\t\t\t\t\t<div class=\"elementor-container elementor-column-gap-default\">\n\t\t\t\t\t<div class=\"elementor-column elementor-col-50 elementor-top-column elementor-element elementor-element-05e2f6b\" data-id=\"05e2f6b\" data-element_type=\"column\">\n\t\t\t<div class=\"elementor-widget-wrap elementor-element-populated\">\n\t\t\t\t\t\t\t\t<div class=\"elementor-element elementor-element-78a3871 elementor-widget elementor-widget-image\" data-id=\"78a3871\" data-element_type=\"widget\" data-widget_type=\"image.default\">\n\t\t\t\t<div class=\"elementor-widget-container\">\n\t\t\t\t\t\t\t\t\t\t\t\t\t\t\t<img decoding=\"async\" width=\"511\" height=\"351\" src=\"https:\/\/www.strojirnykohout.cz\/wp-content\/uploads\/2022\/10\/nabidka_2.jpg\" class=\"attachment-full size-full\" alt=\"\" loading=\"lazy\" srcset=\"https:\/\/www.strojirnykohout.cz\/wp-content\/uploads\/2022\/10\/nabidka_2.jpg 511w, https:\/\/www.strojirnykohout.cz\/wp-content\/uploads\/2022\/10\/nabidka_2-500x343.jpg 500w, https:\/\/www.strojirnykohout.cz\/wp-content\/uploads\/2022\/10\/nabidka_2-18x12.jpg 18w\" sizes=\"(max-width: 511px) 100vw, 511px\" \/>\t\t\t\t\t\t\t\t\t\t\t\t\t\t\t<\/div>\n\t\t\t\t<\/div>\n\t\t\t\t\t<\/div>\n\t\t<\/div>\n\t\t\t\t<div class=\"elementor-column elementor-col-50 elementor-top-column elementor-element elementor-element-8c76baa\" data-id=\"8c76baa\" data-element_type=\"column\">\n\t\t\t<div class=\"elementor-widget-wrap elementor-element-populated\">\n\t\t\t\t\t\t\t\t<div class=\"elementor-element elementor-element-acfa18c heading-orange elementor-widget elementor-widget-heading\" data-id=\"acfa18c\" data-element_type=\"widget\" data-widget_type=\"heading.default\">\n\t\t\t\t<div class=\"elementor-widget-container\">\n\t\t\t<h3 class=\"elementor-heading-title elementor-size-default\">Bediener einer CNC-Fr\u00e4smaschine<\/h3>\t\t<\/div>\n\t\t\t\t<\/div>\n\t\t\t\t<div class=\"elementor-element elementor-element-f146f7a elementor-widget elementor-widget-text-editor\" data-id=\"f146f7a\" data-element_type=\"widget\" data-widget_type=\"text-editor.default\">\n\t\t\t\t<div class=\"elementor-widget-container\">\n\t\t\t\t\t\t\t<p><b>Stellenbeschreibung:<br \/><\/b><span style=\"font-family: var( --e-global-typography-text-font-family ), Sans-serif;\">- Herstellung von Teilen auf der Grundlage einer <br>&nbsp;  \u00a0spezifizierten technischen Dokumentation<br \/><\/span><span style=\"font-family: var( --e-global-typography-text-font-family ), Sans-serif;\">- Maschineneinstellung<br \/><\/span><span style=\"font-family: var( --e-global-typography-text-font-family ), Sans-serif;\">- Produktionskontrolle<br \/><\/span><span style=\"font-family: var( --e-global-typography-text-font-family ), Sans-serif;\">- Maschinenwartung<\/span><\/p><p><b>Wir bieten:<br \/><\/b><span style=\"font-family: var( --e-global-typography-text-font-family ), Sans-serif;\">- ruhiger Hintergrund eines Familienunternehmens<br \/><\/span><span style=\"font-family: var( --e-global-typography-text-font-family ), Sans-serif;\">- sofort anfangen<br \/><\/span><span style=\"font-family: var( --e-global-typography-text-font-family ), Sans-serif;\">- langfristige Arbeitsplatzsicherheit<br \/><\/span><span style=\"font-family: var( --e-global-typography-text-font-family ), Sans-serif;\">- M\u00f6glichkeit zur beruflichen Weiterentwicklung<br \/><\/span><span style=\"font-family: var( --e-global-typography-text-font-family ), Sans-serif;\">- \u00fcberdurchschnittliches Gehalt<\/span><\/p><div>&#8211; dvousm\u011bnn\u00fd provoz<\/div><div>&#8211; mo\u017enost p\u0159es\u010das\u016f (b\u011bhem pracovn\u00edho t\u00fddne a o v\u00edkendech)<\/div><div>&#8211; p\u0159\u00edsp\u011bvek na dopravu<\/div><div>&#8211; dotovan\u00e9 firemn\u00ed stravov\u00e1n\u00ed z nedalek\u00e9 restaurace<\/div><div>&#8211; stravovac\u00ed automaty v\u010detn\u011b k\u00e1vy na pracovi\u0161ti<\/div><div>&#8211; j\u00eddelna se za\u0159\u00edzenou kuchy\u0148skou linkou<\/div><div>&#8211; parkov\u00e1n\u00ed v are\u00e1lu spole\u010dnosti<\/div>\t\t\t\t\t\t<\/div>\n\t\t\t\t<\/div>\n\t\t\t\t\t<\/div>\n\t\t<\/div>\n\t\t\t\t\t\t\t<\/div>\n\t\t<\/section>\n\t\t\t\t\t\t\t<\/div>","protected":false},"excerpt":{"rendered":"<p>NAB\u00cdDKA PR\u00c1CE Aktu\u00e1ln\u00ed nab\u00eddka pracovn\u00edch pozic Hled\u00e1me do na\u0161eho t\u00fdmu spolehliv\u00e9, sv\u011bdomit\u00e9, samostatn\u00e9 a p\u0159edev\u0161\u00edm zodpov\u011bdn\u00e9 kolegy\/n\u011b, kte\u0159\u00ed cht\u011bj\u00ed n\u011b\u010deho dos\u00e1hnout.V\u00e1\u017e\u00edme si ka\u017ed\u00e9ho, kdo n\u011bco um\u00ed a za to nab\u00edz\u00edme nadstandardn\u00ed (nejen) mzdov\u00e9 ohodnocen\u00ed a z\u00e1zem\u00ed rodinn\u00e9 spole\u010dnosti, jej\u00ed\u017e v\u00fdrobky pom\u00e1haj\u00ed lidem. V p\u0159\u00edpad\u011b v\u00e1\u017en\u00e9ho z\u00e1jmu pracovat v na\u0161i spole\u010dnosti, za\u0161lete pros\u00edm na\u00a0emailovou adresu petr.skala@strojirnykohout.cz [&hellip;]<\/p>","protected":false},"author":1,"featured_media":0,"parent":0,"menu_order":0,"comment_status":"closed","ping_status":"closed","template":"template\/full-width-template.php","meta":[],"yoast_head":"<!-- This site is optimized with the Yoast SEO plugin v21.1 - https:\/\/yoast.com\/wordpress\/plugins\/seo\/ -->\r\n<title>Nab\u00eddka pr\u00e1ce - Stroj\u00edrny Kohout<\/title>\r\n<meta name=\"robots\" content=\"index, follow, max-snippet:-1, max-image-preview:large, max-video-preview:-1\" \/>\r\n<link rel=\"canonical\" href=\"https:\/\/www.strojirnykohout.cz\/de\/nabidka-prace\" \/>\r\n<meta property=\"og:locale\" content=\"de_DE\" \/>\r\n<meta property=\"og:type\" content=\"article\" \/>\r\n<meta property=\"og:title\" content=\"Nab\u00eddka pr\u00e1ce - Stroj\u00edrny Kohout\" \/>\r\n<meta property=\"og:description\" content=\"NAB\u00cdDKA PR\u00c1CE Aktu\u00e1ln\u00ed nab\u00eddka pracovn\u00edch pozic Hled\u00e1me do na\u0161eho t\u00fdmu spolehliv\u00e9, sv\u011bdomit\u00e9, samostatn\u00e9 a p\u0159edev\u0161\u00edm zodpov\u011bdn\u00e9 kolegy\/n\u011b, kte\u0159\u00ed cht\u011bj\u00ed n\u011b\u010deho dos\u00e1hnout.V\u00e1\u017e\u00edme si ka\u017ed\u00e9ho, kdo n\u011bco um\u00ed a za to nab\u00edz\u00edme nadstandardn\u00ed (nejen) mzdov\u00e9 ohodnocen\u00ed a z\u00e1zem\u00ed rodinn\u00e9 spole\u010dnosti, jej\u00ed\u017e v\u00fdrobky pom\u00e1haj\u00ed lidem. V p\u0159\u00edpad\u011b v\u00e1\u017en\u00e9ho z\u00e1jmu pracovat v na\u0161i spole\u010dnosti, za\u0161lete pros\u00edm na\u00a0emailovou adresu petr.skala@strojirnykohout.cz [&hellip;]\" \/>\r\n<meta property=\"og:url\" content=\"https:\/\/www.strojirnykohout.cz\/de\/nabidka-prace\" \/>\r\n<meta property=\"og:site_name\" content=\"Stroj\u00edrny Kohout\" \/>\r\n<meta property=\"article:modified_time\" content=\"2025-07-29T20:08:10+00:00\" \/>\r\n<meta property=\"og:image\" content=\"https:\/\/www.strojirnykohout.cz\/wp-content\/uploads\/2022\/11\/nabidka-prace.jpg\" \/>\r\n<meta name=\"twitter:card\" content=\"summary_large_image\" \/>\r\n<meta name=\"twitter:label1\" content=\"Est. reading time\" \/>\n\t<meta name=\"twitter:data1\" content=\"2 Minuten\" \/>\r\n<script type=\"application\/ld+json\" class=\"yoast-schema-graph\">{\"@context\":\"https:\/\/schema.org\",\"@graph\":[{\"@type\":\"WebPage\",\"@id\":\"https:\/\/www.strojirnykohout.cz\/nabidka-prace\",\"url\":\"https:\/\/www.strojirnykohout.cz\/nabidka-prace\",\"name\":\"Nab\u00eddka pr\u00e1ce - Stroj\u00edrny Kohout\",\"isPartOf\":{\"@id\":\"https:\/\/www.strojirnykohout.cz\/de\/#website\"},\"datePublished\":\"2022-10-20T07:06:36+00:00\",\"dateModified\":\"2025-07-29T20:08:10+00:00\",\"breadcrumb\":{\"@id\":\"https:\/\/www.strojirnykohout.cz\/nabidka-prace#breadcrumb\"},\"inLanguage\":\"de-DE\",\"potentialAction\":[{\"@type\":\"ReadAction\",\"target\":[\"https:\/\/www.strojirnykohout.cz\/nabidka-prace\"]}]},{\"@type\":\"BreadcrumbList\",\"@id\":\"https:\/\/www.strojirnykohout.cz\/nabidka-prace#breadcrumb\",\"itemListElement\":[{\"@type\":\"ListItem\",\"position\":1,\"name\":\"Home\",\"item\":\"https:\/\/www.strojirnykohout.cz\/\"},{\"@type\":\"ListItem\",\"position\":2,\"name\":\"Nab\u00eddka pr\u00e1ce\"}]},{\"@type\":\"WebSite\",\"@id\":\"https:\/\/www.strojirnykohout.cz\/de\/#website\",\"url\":\"https:\/\/www.strojirnykohout.cz\/de\/\",\"name\":\"Stroj\u00edrny Kohout\",\"description\":\"SPECIALISTA NA P\u0158ESN\u00c9 OBR\u00c1B\u011aN\u00cd\",\"publisher\":{\"@id\":\"https:\/\/www.strojirnykohout.cz\/de\/#organization\"},\"potentialAction\":[{\"@type\":\"SearchAction\",\"target\":{\"@type\":\"EntryPoint\",\"urlTemplate\":\"https:\/\/www.strojirnykohout.cz\/de\/?s={search_term_string}\"},\"query-input\":\"required name=search_term_string\"}],\"inLanguage\":\"de-DE\"},{\"@type\":\"Organization\",\"@id\":\"https:\/\/www.strojirnykohout.cz\/de\/#organization\",\"name\":\"Stroj\u00edrny Kohout\",\"url\":\"https:\/\/www.strojirnykohout.cz\/de\/\",\"logo\":{\"@type\":\"ImageObject\",\"inLanguage\":\"de-DE\",\"@id\":\"https:\/\/www.strojirnykohout.cz\/de\/#\/schema\/logo\/image\/\",\"url\":\"https:\/\/www.strojirnykohout.cz\/wp-content\/uploads\/2022\/10\/logo-dark.png\",\"contentUrl\":\"https:\/\/www.strojirnykohout.cz\/wp-content\/uploads\/2022\/10\/logo-dark.png\",\"width\":350,\"height\":100,\"caption\":\"Stroj\u00edrny Kohout\"},\"image\":{\"@id\":\"https:\/\/www.strojirnykohout.cz\/de\/#\/schema\/logo\/image\/\"}}]}<\/script>\r\n<!-- \/ Yoast SEO plugin. -->","yoast_head_json":{"title":"Nab\u00eddka pr\u00e1ce - Stroj\u00edrny Kohout","robots":{"index":"index","follow":"follow","max-snippet":"max-snippet:-1","max-image-preview":"max-image-preview:large","max-video-preview":"max-video-preview:-1"},"canonical":"https:\/\/www.strojirnykohout.cz\/de\/nabidka-prace","og_locale":"de_DE","og_type":"article","og_title":"Nab\u00eddka pr\u00e1ce - Stroj\u00edrny Kohout","og_description":"NAB\u00cdDKA PR\u00c1CE Aktu\u00e1ln\u00ed nab\u00eddka pracovn\u00edch pozic Hled\u00e1me do na\u0161eho t\u00fdmu spolehliv\u00e9, sv\u011bdomit\u00e9, samostatn\u00e9 a p\u0159edev\u0161\u00edm zodpov\u011bdn\u00e9 kolegy\/n\u011b, kte\u0159\u00ed cht\u011bj\u00ed n\u011b\u010deho dos\u00e1hnout.V\u00e1\u017e\u00edme si ka\u017ed\u00e9ho, kdo n\u011bco um\u00ed a za to nab\u00edz\u00edme nadstandardn\u00ed (nejen) mzdov\u00e9 ohodnocen\u00ed a z\u00e1zem\u00ed rodinn\u00e9 spole\u010dnosti, jej\u00ed\u017e v\u00fdrobky pom\u00e1haj\u00ed lidem. V p\u0159\u00edpad\u011b v\u00e1\u017en\u00e9ho z\u00e1jmu pracovat v na\u0161i spole\u010dnosti, za\u0161lete pros\u00edm na\u00a0emailovou adresu petr.skala@strojirnykohout.cz [&hellip;]","og_url":"https:\/\/www.strojirnykohout.cz\/de\/nabidka-prace","og_site_name":"Stroj\u00edrny Kohout","article_modified_time":"2025-07-29T20:08:10+00:00","og_image":[{"url":"https:\/\/www.strojirnykohout.cz\/wp-content\/uploads\/2022\/11\/nabidka-prace.jpg"}],"twitter_card":"summary_large_image","twitter_misc":{"Est. reading time":"2 Minuten"},"schema":{"@context":"https:\/\/schema.org","@graph":[{"@type":"WebPage","@id":"https:\/\/www.strojirnykohout.cz\/nabidka-prace","url":"https:\/\/www.strojirnykohout.cz\/nabidka-prace","name":"Nab\u00eddka pr\u00e1ce - Stroj\u00edrny Kohout","isPartOf":{"@id":"https:\/\/www.strojirnykohout.cz\/de\/#website"},"datePublished":"2022-10-20T07:06:36+00:00","dateModified":"2025-07-29T20:08:10+00:00","breadcrumb":{"@id":"https:\/\/www.strojirnykohout.cz\/nabidka-prace#breadcrumb"},"inLanguage":"de-DE","potentialAction":[{"@type":"ReadAction","target":["https:\/\/www.strojirnykohout.cz\/nabidka-prace"]}]},{"@type":"BreadcrumbList","@id":"https:\/\/www.strojirnykohout.cz\/nabidka-prace#breadcrumb","itemListElement":[{"@type":"ListItem","position":1,"name":"Home","item":"https:\/\/www.strojirnykohout.cz\/"},{"@type":"ListItem","position":2,"name":"Nab\u00eddka pr\u00e1ce"}]},{"@type":"WebSite","@id":"https:\/\/www.strojirnykohout.cz\/de\/#website","url":"https:\/\/www.strojirnykohout.cz\/de\/","name":"Stroj\u00edrny Kohout","description":"SPECIALISTA NA P\u0158ESN\u00c9 OBR\u00c1B\u011aN\u00cd","publisher":{"@id":"https:\/\/www.strojirnykohout.cz\/de\/#organization"},"potentialAction":[{"@type":"SearchAction","target":{"@type":"EntryPoint","urlTemplate":"https:\/\/www.strojirnykohout.cz\/de\/?s={search_term_string}"},"query-input":"required name=search_term_string"}],"inLanguage":"de-DE"},{"@type":"Organization","@id":"https:\/\/www.strojirnykohout.cz\/de\/#organization","name":"Stroj\u00edrny Kohout","url":"https:\/\/www.strojirnykohout.cz\/de\/","logo":{"@type":"ImageObject","inLanguage":"de-DE","@id":"https:\/\/www.strojirnykohout.cz\/de\/#\/schema\/logo\/image\/","url":"https:\/\/www.strojirnykohout.cz\/wp-content\/uploads\/2022\/10\/logo-dark.png","contentUrl":"https:\/\/www.strojirnykohout.cz\/wp-content\/uploads\/2022\/10\/logo-dark.png","width":350,"height":100,"caption":"Stroj\u00edrny Kohout"},"image":{"@id":"https:\/\/www.strojirnykohout.cz\/de\/#\/schema\/logo\/image\/"}}]}},"_links":{"self":[{"href":"https:\/\/www.strojirnykohout.cz\/de\/wp-json\/wp\/v2\/pages\/3020"}],"collection":[{"href":"https:\/\/www.strojirnykohout.cz\/de\/wp-json\/wp\/v2\/pages"}],"about":[{"href":"https:\/\/www.strojirnykohout.cz\/de\/wp-json\/wp\/v2\/types\/page"}],"author":[{"embeddable":true,"href":"https:\/\/www.strojirnykohout.cz\/de\/wp-json\/wp\/v2\/users\/1"}],"replies":[{"embeddable":true,"href":"https:\/\/www.strojirnykohout.cz\/de\/wp-json\/wp\/v2\/comments?post=3020"}],"version-history":[{"count":106,"href":"https:\/\/www.strojirnykohout.cz\/de\/wp-json\/wp\/v2\/pages\/3020\/revisions"}],"predecessor-version":[{"id":136622,"href":"https:\/\/www.strojirnykohout.cz\/de\/wp-json\/wp\/v2\/pages\/3020\/revisions\/136622"}],"wp:attachment":[{"href":"https:\/\/www.strojirnykohout.cz\/de\/wp-json\/wp\/v2\/media?parent=3020"}],"curies":[{"name":"wp","href":"https:\/\/api.w.org\/{rel}","templated":true}]}}