{"id":3,"date":"2022-10-10T09:32:24","date_gmt":"2022-10-10T09:32:24","guid":{"rendered":"https:\/\/www.strojirnykohout.cz\/?page_id=3"},"modified":"2022-11-04T09:44:48","modified_gmt":"2022-11-04T09:44:48","slug":"privacy-policy","status":"publish","type":"page","link":"https:\/\/www.strojirnykohout.cz\/de\/privacy-policy","title":{"rendered":"Datenschutzerkl\u00e4rung"},"content":{"rendered":"<div data-elementor-type=\"wp-page\" data-elementor-id=\"3\" class=\"elementor elementor-3\">\n\t\t\t\t\t\t\t\t\t<section class=\"elementor-section elementor-top-section elementor-element elementor-element-57ca9a6 elementor-section-boxed elementor-section-height-default elementor-section-height-default\" data-id=\"57ca9a6\" data-element_type=\"section\">\n\t\t\t\t\t\t<div class=\"elementor-container elementor-column-gap-default\">\n\t\t\t\t\t<div class=\"elementor-column elementor-col-100 elementor-top-column elementor-element elementor-element-936be79\" data-id=\"936be79\" data-element_type=\"column\">\n\t\t\t<div class=\"elementor-widget-wrap elementor-element-populated\">\n\t\t\t\t\t\t\t\t<div class=\"elementor-element elementor-element-945034a elementor-widget elementor-widget-buildbench-title\" data-id=\"945034a\" data-element_type=\"widget\" data-widget_type=\"buildbench-title.default\">\n\t\t\t\t<div class=\"elementor-widget-container\">\n\t\t\t         <div class=\"section-heading-content\">\n            <h2 class=\"section-title\">\n                <span class=\"sub-title\"><\/span>\n                 Datenschutzerkl\u00e4rung                             <\/h2>\n         <\/div><!-- Section title -->\t\t\n\n     \n    \t\t<\/div>\n\t\t\t\t<\/div>\n\t\t\t\t\t<\/div>\n\t\t<\/div>\n\t\t\t\t\t\t\t<\/div>\n\t\t<\/section>\n\t\t\t\t<section class=\"elementor-section elementor-top-section elementor-element elementor-element-10fb6813 elementor-section-boxed elementor-section-height-default elementor-section-height-default\" data-id=\"10fb6813\" data-element_type=\"section\">\n\t\t\t\t\t\t<div class=\"elementor-container elementor-column-gap-default\">\n\t\t\t\t\t<div class=\"elementor-column elementor-col-100 elementor-top-column elementor-element elementor-element-3d718ec2\" data-id=\"3d718ec2\" data-element_type=\"column\">\n\t\t\t<div class=\"elementor-widget-wrap elementor-element-populated\">\n\t\t\t\t\t\t\t\t<div class=\"elementor-element elementor-element-2b1c6ee2 elementor-widget elementor-widget-text-editor\" data-id=\"2b1c6ee2\" data-element_type=\"widget\" data-widget_type=\"text-editor.default\">\n\t\t\t\t<div class=\"elementor-widget-container\">\n\t\t\t<style>\/*! elementor - v3.7.8 - 02-10-2022 *\/\n.elementor-widget-text-editor.elementor-drop-cap-view-stacked .elementor-drop-cap{background-color:#818a91;color:#fff}.elementor-widget-text-editor.elementor-drop-cap-view-framed .elementor-drop-cap{color:#818a91;border:3px solid;background-color:transparent}.elementor-widget-text-editor:not(.elementor-drop-cap-view-default) .elementor-drop-cap{margin-top:8px}.elementor-widget-text-editor:not(.elementor-drop-cap-view-default) .elementor-drop-cap-letter{width:1em;height:1em}.elementor-widget-text-editor .elementor-drop-cap{float:left;text-align:center;line-height:1;font-size:50px}.elementor-widget-text-editor .elementor-drop-cap-letter{display:inline-block}<\/style>\t\t\t\t<p><strong><span>Datenschutz<\/span><\/strong><\/p>\n<p><span>Die Betreiber dieser Website nehmen den Schutz Ihrer pers\u00f6nlichen Daten sehr ernst. Wir behandeln Ihre personenbezogenen Daten vertraulich und entsprechend den datenschutzrechtlichen Bestimmungen sowie dieser Datenschutzerkl\u00e4rung.<\/span><\/p>\n<p><span>Die Nutzung unserer Webseite ist in der Regel ohne Angabe personenbezogener Daten m\u00f6glich. Soweit auf unseren Seiten personenbezogene Daten (beispielsweise Name, Anschrift oder eMail-Adressen) erhoben werden, erfolgt dies, soweit m\u00f6glich, stets auf freiwilliger Basis. Diese Daten werden ohne Ihre ausdr\u00fcckliche Zustimmung nicht an Dritte weitergegeben.<\/span><\/p>\n<p><span>Wir weisen darauf hin, dass die Daten\u00fcbertragung im Internet (z.B. bei der Kommunikation per E-Mail) Sicherheitsl\u00fccken aufweisen kann. Es ist nicht m\u00f6glich, Daten vollst\u00e4ndig vor dem Zugriff durch Dritte zu sch\u00fctzen.<\/span><\/p>\n<p><strong><span>Datenschutzerkl\u00e4rung f\u00fcr die Nutzung von Google Analytics<\/span><\/strong><\/p>\n<p><span>Diese Website verwendet die Webanalysefunktionen von Google Analytics. Der Anbieter ist Google Inc. mit Sitz in 1600 Amphitheatre Parkway Mountain View, CA 94043, USA.<\/span><\/p>\n<p><span>Google Analytics verwendet so genannte \"Cookies\". Das sind Textdateien, die auf Ihrem Computer gespeichert werden und die eine Analyse der Benutzung der Website durch Sie erm\u00f6glichen. Die durch den Cookie erzeugten Informationen \u00fcber Ihre Benutzung dieser Website werden in der Regel an einen Server von Google in den USA \u00fcbertragen und dort gespeichert.<\/span><\/p>\n<p><span>Weitere Informationen dar\u00fcber, wie Google Analytics mit Nutzerdaten umgeht, finden Sie in der Datenschutzerkl\u00e4rung von Google:\u00a0\u00a0<\/span><a href=\"https:\/\/support.google.com\/analytics\/answer\/6004245?hl=de\"><span>https:\/\/support.google.com\/analytics\/answer\/6004245?hl=de<\/span><\/a><\/p>\n<p><strong><span>Browser-Plugin<\/span><\/strong><\/p>\n<p><span>Sie k\u00f6nnen die Speicherung von Cookies durch eine entsprechende Einstellung Ihrer Browser-Software verhindern; wir weisen Sie jedoch darauf hin, dass Sie in diesem Fall gegebenenfalls nicht s\u00e4mtliche Funktionen dieser Website vollumf\u00e4nglich werden nutzen k\u00f6nnen. Sie k\u00f6nnen dar\u00fcber hinaus die Erfassung der durch das Cookie erzeugten und auf Ihre Nutzung der Website bezogenen Daten (inkl. Ihrer IP-Adresse) an Google sowie die Verarbeitung dieser Daten durch Google verhindern, indem sie das unter dem folgenden Link verf\u00fcgbare Browser-Plugin herunterladen und installieren:\u00a0\u00a0<\/span><a href=\"https:\/\/tools.google.com\/dlpage\/gaoptout?hl=de\"><span>https :\/\/tools.google.com\/dlpage\/gaoptout?hl=de<\/span><\/a><\/p>\n<p><strong><span>Einspruch gegen die Datenerhebung<\/span><\/strong><\/p>\n<p><span>Durch Klicken auf den folgenden Link k\u00f6nnen Sie die Erfassung Ihrer Daten durch Google Analytics verhindern. Es wird ein Opt-Out-Cookie gesetzt, das die Erfassung Ihrer Daten bei zuk\u00fcnftigen Besuchen dieser Website verhindert:\u00a0<\/span><\/p>\n<p><strong><span>IP-Anonymisierung<\/span><\/strong><\/p>\n<p><span>Wir verwenden die Funktion \"IP-Anonymisierung aktivieren\" auf dieser Website. Dadurch wird Ihre IP-Adresse von Google jedoch innerhalb von Mitgliedstaaten der Europ\u00e4ischen Union oder in anderen Vertragsstaaten des Abkommens \u00fcber den Europ\u00e4ischen Wirtschaftsraum zuvor gek\u00fcrzt. Nur in Ausnahmef\u00e4llen wird die volle IP-Adresse an einen Server von Google in den USA \u00fcbertragen und dort gek\u00fcrzt. Im Auftrag des Betreibers dieser Website wird Google diese Informationen benutzen, um Ihre Nutzung der Website auszuwerten, um Reports \u00fcber die Websiteaktivit\u00e4ten zusammenzustellen und um weitere mit der Websitenutzung und der Internetnutzung verbundene Dienstleistungen gegen\u00fcber dem Websitebetreiber zu erbringen. Die im Rahmen von Google Analytics von Ihrem Browser \u00fcbermittelte IP-Adresse wird nicht mit anderen Daten von Google zusammengef\u00fchrt.<\/span><\/p>\n<p><strong><span>Information, L\u00f6schung, Sperrung<\/span><\/strong><\/p>\n<p><span>Sie haben jederzeit das Recht auf unentgeltliche Auskunft \u00fcber Ihre gespeicherten personenbezogenen Daten, deren Herkunft und Empf\u00e4nger und den Zweck der Datenverarbeitung, sowie ein Recht auf Berichtigung, Sperrung oder L\u00f6schung dieser Daten. Wenn Sie weitere Fragen zum Thema personenbezogene Daten haben, k\u00f6nnen Sie sich jederzeit unter der in der Brosch\u00fcre angegebenen Adresse an uns wenden.<\/span><\/p>\n<p><strong><span>Cookies<\/span><\/strong><\/p>\n<p><span>Einige der Websites verwenden so genannte Cookies. Cookies richten auf Ihrem Computer keinen Schaden an und enthalten keine Viren. Cookies werden eingesetzt, um unser Angebot nutzerfreundlicher, effektiver und sicherer zu machen. Cookies sind kleine Textdateien, die auf Ihrem Computer gespeichert werden und die Ihr Browser speichert.<\/span><\/p>\n<p><span>Die meisten der von uns verwendeten Cookies sind so genannte \"Session-Cookies\". Sie werden nach Ihrem Besuch automatisch gel\u00f6scht. Andere Cookies bleiben auf Ihrem Endger\u00e4t gespeichert, bis Sie sie l\u00f6schen. Diese Cookies erm\u00f6glichen es uns, Ihren Browser bei Ihrem n\u00e4chsten Besuch wiederzuerkennen.<\/span><\/p>\n<p><span>Sie k\u00f6nnen Ihren Browser so einstellen, dass Sie \u00fcber Ihre Cookie-Einstellungen informiert werden und Cookies nur im Einzelfall erlauben, die Annahme von Cookies f\u00fcr bestimmte F\u00e4lle oder generell ausschlie\u00dfen sowie das automatische L\u00f6schen der Cookies beim Schlie\u00dfen des Browsers aktivieren. Bei der Deaktivierung von Cookies kann die Funktionalit\u00e4t dieser Website eingeschr\u00e4nkt sein.<\/span><\/p>\n<p><strong><span>Kontakt-Formular<\/span><\/strong><\/p>\n<p><span>Wenn Sie uns per Kontaktformular eine Anfrage zukommen lassen, werden Ihre Angaben aus dem Anfrageformular inklusive der von Ihnen dort angegebenen Kontaktdaten zwecks Bearbeitung der Anfrage und f\u00fcr den Fall von Anschlussfragen bei uns gespeichert. Diese Daten geben wir nicht ohne Ihre Zustimmung weiter.<\/span><\/p>\n<p><strong><span>Einspruch gegen Werbe-E-Mails<\/span><\/strong><\/p>\n<p><span>Der Nutzung von im Rahmen der Impressumspflicht ver\u00f6ffentlichten Kontaktdaten zur \u00dcbersendung von nicht ausdr\u00fccklich angeforderter Werbung und Informationsmaterialien wird hiermit widersprochen. Die Betreiber der Seiten behalten sich ausdr\u00fccklich rechtliche Schritte im Falle der unverlangten Zusendung von Werbeinformationen, etwa durch Spam-Mails, vor.<\/span><\/p>\n<p><span>Quelle: <\/span><em><span>eRecht24\u00a0\u00a0<\/span><a href=\"http:\/\/www.e-recht24.de\/\" target=\"_blank\" rel=\"noreferrer noopener\"><span>Rechtsanwalt<\/span><\/a><span>\u00a0\u00a0S\u00f8ren Siebert<\/span><\/em><\/p>\t\t\t\t\t\t<\/div>\n\t\t\t\t<\/div>\n\t\t\t\t\t<\/div>\n\t\t<\/div>\n\t\t\t\t\t\t\t<\/div>\n\t\t<\/section>\n\t\t\t\t\t\t\t<\/div>","protected":false},"excerpt":{"rendered":"<p>Ochrana osobn\u00edch \u00fadaj\u016f Soukrom\u00ed Provozovatel\u00e9 t\u011bchto str\u00e1nek berou ochranu va\u0161ich osobn\u00edch \u00fadaj\u016f velmi v\u00e1\u017en\u011b.\u00a0S va\u0161imi osobn\u00edmi \u00fadaji nakl\u00e1d\u00e1me d\u016fv\u011brn\u011b a v souladu se z\u00e1konn\u00fdmi p\u0159edpisy o ochran\u011b \u00fadaj\u016f a t\u00edmto prohl\u00e1\u0161en\u00edm o ochran\u011b \u00fadaj\u016f. Na\u0161e webov\u00e9 str\u00e1nky lze obvykle pou\u017e\u00edvat bez poskytnut\u00ed jak\u00fdchkoli osobn\u00edch \u00fadaj\u016f.\u00a0Pokud jsou na na\u0161ich webov\u00fdch str\u00e1nk\u00e1ch shroma\u017e\u010fov\u00e1ny osobn\u00ed \u00fadaje (nap\u0159. jm\u00e9no, [&hellip;]<\/p>","protected":false},"author":1,"featured_media":0,"parent":0,"menu_order":0,"comment_status":"closed","ping_status":"open","template":"template\/full-width-template.php","meta":[],"yoast_head":"<!-- This site is optimized with the Yoast SEO plugin v21.1 - https:\/\/yoast.com\/wordpress\/plugins\/seo\/ -->\r\n<title>Datenschutzerkl\u00e4rung - Stroj\u00edrny Kohout<\/title>\r\n<meta name=\"robots\" content=\"index, follow, max-snippet:-1, max-image-preview:large, max-video-preview:-1\" \/>\r\n<link rel=\"canonical\" href=\"https:\/\/www.strojirnykohout.cz\/de\/privacy-policy\" \/>\r\n<meta property=\"og:locale\" content=\"de_DE\" \/>\r\n<meta property=\"og:type\" content=\"article\" \/>\r\n<meta property=\"og:title\" content=\"Datenschutzerkl\u00e4rung - Stroj\u00edrny Kohout\" \/>\r\n<meta property=\"og:description\" content=\"Ochrana osobn\u00edch \u00fadaj\u016f Soukrom\u00ed Provozovatel\u00e9 t\u011bchto str\u00e1nek berou ochranu va\u0161ich osobn\u00edch \u00fadaj\u016f velmi v\u00e1\u017en\u011b.\u00a0S va\u0161imi osobn\u00edmi \u00fadaji nakl\u00e1d\u00e1me d\u016fv\u011brn\u011b a v souladu se z\u00e1konn\u00fdmi p\u0159edpisy o ochran\u011b \u00fadaj\u016f a t\u00edmto prohl\u00e1\u0161en\u00edm o ochran\u011b \u00fadaj\u016f. Na\u0161e webov\u00e9 str\u00e1nky lze obvykle pou\u017e\u00edvat bez poskytnut\u00ed jak\u00fdchkoli osobn\u00edch \u00fadaj\u016f.\u00a0Pokud jsou na na\u0161ich webov\u00fdch str\u00e1nk\u00e1ch shroma\u017e\u010fov\u00e1ny osobn\u00ed \u00fadaje (nap\u0159. jm\u00e9no, [&hellip;]\" \/>\r\n<meta property=\"og:url\" content=\"https:\/\/www.strojirnykohout.cz\/de\/privacy-policy\" \/>\r\n<meta property=\"og:site_name\" content=\"Stroj\u00edrny Kohout\" \/>\r\n<meta property=\"article:modified_time\" content=\"2022-11-04T09:44:48+00:00\" \/>\r\n<meta name=\"twitter:card\" content=\"summary_large_image\" \/>\r\n<meta name=\"twitter:label1\" content=\"Est. reading time\" \/>\n\t<meta name=\"twitter:data1\" content=\"5 Minuten\" \/>\r\n<script type=\"application\/ld+json\" class=\"yoast-schema-graph\">{\"@context\":\"https:\/\/schema.org\",\"@graph\":[{\"@type\":\"WebPage\",\"@id\":\"https:\/\/www.strojirnykohout.cz\/privacy-policy\",\"url\":\"https:\/\/www.strojirnykohout.cz\/privacy-policy\",\"name\":\"Datenschutzerkl\u00e4rung - Stroj\u00edrny Kohout\",\"isPartOf\":{\"@id\":\"https:\/\/www.strojirnykohout.cz\/de\/#website\"},\"datePublished\":\"2022-10-10T09:32:24+00:00\",\"dateModified\":\"2022-11-04T09:44:48+00:00\",\"breadcrumb\":{\"@id\":\"https:\/\/www.strojirnykohout.cz\/privacy-policy#breadcrumb\"},\"inLanguage\":\"de-DE\",\"potentialAction\":[{\"@type\":\"ReadAction\",\"target\":[\"https:\/\/www.strojirnykohout.cz\/privacy-policy\"]}]},{\"@type\":\"BreadcrumbList\",\"@id\":\"https:\/\/www.strojirnykohout.cz\/privacy-policy#breadcrumb\",\"itemListElement\":[{\"@type\":\"ListItem\",\"position\":1,\"name\":\"Home\",\"item\":\"https:\/\/www.strojirnykohout.cz\/\"},{\"@type\":\"ListItem\",\"position\":2,\"name\":\"Datenschutzerkl\u00e4rung\"}]},{\"@type\":\"WebSite\",\"@id\":\"https:\/\/www.strojirnykohout.cz\/de\/#website\",\"url\":\"https:\/\/www.strojirnykohout.cz\/de\/\",\"name\":\"Stroj\u00edrny Kohout\",\"description\":\"SPECIALISTA NA P\u0158ESN\u00c9 OBR\u00c1B\u011aN\u00cd\",\"publisher\":{\"@id\":\"https:\/\/www.strojirnykohout.cz\/de\/#organization\"},\"potentialAction\":[{\"@type\":\"SearchAction\",\"target\":{\"@type\":\"EntryPoint\",\"urlTemplate\":\"https:\/\/www.strojirnykohout.cz\/de\/?s={search_term_string}\"},\"query-input\":\"required name=search_term_string\"}],\"inLanguage\":\"de-DE\"},{\"@type\":\"Organization\",\"@id\":\"https:\/\/www.strojirnykohout.cz\/de\/#organization\",\"name\":\"Stroj\u00edrny Kohout\",\"url\":\"https:\/\/www.strojirnykohout.cz\/de\/\",\"logo\":{\"@type\":\"ImageObject\",\"inLanguage\":\"de-DE\",\"@id\":\"https:\/\/www.strojirnykohout.cz\/de\/#\/schema\/logo\/image\/\",\"url\":\"https:\/\/www.strojirnykohout.cz\/wp-content\/uploads\/2022\/10\/logo-dark.png\",\"contentUrl\":\"https:\/\/www.strojirnykohout.cz\/wp-content\/uploads\/2022\/10\/logo-dark.png\",\"width\":350,\"height\":100,\"caption\":\"Stroj\u00edrny Kohout\"},\"image\":{\"@id\":\"https:\/\/www.strojirnykohout.cz\/de\/#\/schema\/logo\/image\/\"}}]}<\/script>\r\n<!-- \/ Yoast SEO plugin. -->","yoast_head_json":{"title":"Datenschutzerkl\u00e4rung - Stroj\u00edrny Kohout","robots":{"index":"index","follow":"follow","max-snippet":"max-snippet:-1","max-image-preview":"max-image-preview:large","max-video-preview":"max-video-preview:-1"},"canonical":"https:\/\/www.strojirnykohout.cz\/de\/privacy-policy","og_locale":"de_DE","og_type":"article","og_title":"Datenschutzerkl\u00e4rung - Stroj\u00edrny Kohout","og_description":"Ochrana osobn\u00edch \u00fadaj\u016f Soukrom\u00ed Provozovatel\u00e9 t\u011bchto str\u00e1nek berou ochranu va\u0161ich osobn\u00edch \u00fadaj\u016f velmi v\u00e1\u017en\u011b.\u00a0S va\u0161imi osobn\u00edmi \u00fadaji nakl\u00e1d\u00e1me d\u016fv\u011brn\u011b a v souladu se z\u00e1konn\u00fdmi p\u0159edpisy o ochran\u011b \u00fadaj\u016f a t\u00edmto prohl\u00e1\u0161en\u00edm o ochran\u011b \u00fadaj\u016f. Na\u0161e webov\u00e9 str\u00e1nky lze obvykle pou\u017e\u00edvat bez poskytnut\u00ed jak\u00fdchkoli osobn\u00edch \u00fadaj\u016f.\u00a0Pokud jsou na na\u0161ich webov\u00fdch str\u00e1nk\u00e1ch shroma\u017e\u010fov\u00e1ny osobn\u00ed \u00fadaje (nap\u0159. jm\u00e9no, [&hellip;]","og_url":"https:\/\/www.strojirnykohout.cz\/de\/privacy-policy","og_site_name":"Stroj\u00edrny Kohout","article_modified_time":"2022-11-04T09:44:48+00:00","twitter_card":"summary_large_image","twitter_misc":{"Est. reading time":"5 Minuten"},"schema":{"@context":"https:\/\/schema.org","@graph":[{"@type":"WebPage","@id":"https:\/\/www.strojirnykohout.cz\/privacy-policy","url":"https:\/\/www.strojirnykohout.cz\/privacy-policy","name":"Datenschutzerkl\u00e4rung - Stroj\u00edrny Kohout","isPartOf":{"@id":"https:\/\/www.strojirnykohout.cz\/de\/#website"},"datePublished":"2022-10-10T09:32:24+00:00","dateModified":"2022-11-04T09:44:48+00:00","breadcrumb":{"@id":"https:\/\/www.strojirnykohout.cz\/privacy-policy#breadcrumb"},"inLanguage":"de-DE","potentialAction":[{"@type":"ReadAction","target":["https:\/\/www.strojirnykohout.cz\/privacy-policy"]}]},{"@type":"BreadcrumbList","@id":"https:\/\/www.strojirnykohout.cz\/privacy-policy#breadcrumb","itemListElement":[{"@type":"ListItem","position":1,"name":"Home","item":"https:\/\/www.strojirnykohout.cz\/"},{"@type":"ListItem","position":2,"name":"Datenschutzerkl\u00e4rung"}]},{"@type":"WebSite","@id":"https:\/\/www.strojirnykohout.cz\/de\/#website","url":"https:\/\/www.strojirnykohout.cz\/de\/","name":"Stroj\u00edrny Kohout","description":"SPECIALISTA NA P\u0158ESN\u00c9 OBR\u00c1B\u011aN\u00cd","publisher":{"@id":"https:\/\/www.strojirnykohout.cz\/de\/#organization"},"potentialAction":[{"@type":"SearchAction","target":{"@type":"EntryPoint","urlTemplate":"https:\/\/www.strojirnykohout.cz\/de\/?s={search_term_string}"},"query-input":"required name=search_term_string"}],"inLanguage":"de-DE"},{"@type":"Organization","@id":"https:\/\/www.strojirnykohout.cz\/de\/#organization","name":"Stroj\u00edrny Kohout","url":"https:\/\/www.strojirnykohout.cz\/de\/","logo":{"@type":"ImageObject","inLanguage":"de-DE","@id":"https:\/\/www.strojirnykohout.cz\/de\/#\/schema\/logo\/image\/","url":"https:\/\/www.strojirnykohout.cz\/wp-content\/uploads\/2022\/10\/logo-dark.png","contentUrl":"https:\/\/www.strojirnykohout.cz\/wp-content\/uploads\/2022\/10\/logo-dark.png","width":350,"height":100,"caption":"Stroj\u00edrny Kohout"},"image":{"@id":"https:\/\/www.strojirnykohout.cz\/de\/#\/schema\/logo\/image\/"}}]}},"_links":{"self":[{"href":"https:\/\/www.strojirnykohout.cz\/de\/wp-json\/wp\/v2\/pages\/3"}],"collection":[{"href":"https:\/\/www.strojirnykohout.cz\/de\/wp-json\/wp\/v2\/pages"}],"about":[{"href":"https:\/\/www.strojirnykohout.cz\/de\/wp-json\/wp\/v2\/types\/page"}],"author":[{"embeddable":true,"href":"https:\/\/www.strojirnykohout.cz\/de\/wp-json\/wp\/v2\/users\/1"}],"replies":[{"embeddable":true,"href":"https:\/\/www.strojirnykohout.cz\/de\/wp-json\/wp\/v2\/comments?post=3"}],"version-history":[{"count":13,"href":"https:\/\/www.strojirnykohout.cz\/de\/wp-json\/wp\/v2\/pages\/3\/revisions"}],"predecessor-version":[{"id":4428,"href":"https:\/\/www.strojirnykohout.cz\/de\/wp-json\/wp\/v2\/pages\/3\/revisions\/4428"}],"wp:attachment":[{"href":"https:\/\/www.strojirnykohout.cz\/de\/wp-json\/wp\/v2\/media?parent=3"}],"curies":[{"name":"wp","href":"https:\/\/api.w.org\/{rel}","templated":true}]}}