{"id":136498,"date":"2023-12-21T17:48:57","date_gmt":"2023-12-21T17:48:57","guid":{"rendered":"https:\/\/www.strojirnykohout.cz\/?page_id=136498"},"modified":"2024-06-19T16:25:16","modified_gmt":"2024-06-19T16:25:16","slug":"vnitrni-oznamovaci-system","status":"publish","type":"page","link":"https:\/\/www.strojirnykohout.cz\/de\/vnitrni-oznamovaci-system","title":{"rendered":"Vnit\u0159n\u00ed oznamovac\u00ed syst\u00e9m"},"content":{"rendered":"<div data-elementor-type=\"wp-page\" data-elementor-id=\"136498\" class=\"elementor elementor-136498\">\n\t\t\t\t\t\t\t\t\t<section class=\"elementor-section elementor-top-section elementor-element elementor-element-09ea860 elementor-section-boxed elementor-section-height-default elementor-section-height-default\" data-id=\"09ea860\" data-element_type=\"section\">\n\t\t\t\t\t\t\t<div class=\"elementor-background-overlay\"><\/div>\n\t\t\t\t\t\t\t<div class=\"elementor-container elementor-column-gap-default\">\n\t\t\t\t\t<div class=\"elementor-column elementor-col-100 elementor-top-column elementor-element elementor-element-dc27e73\" data-id=\"dc27e73\" data-element_type=\"column\">\n\t\t\t<div class=\"elementor-widget-wrap\">\n\t\t\t\t\t\t\t\t\t<\/div>\n\t\t<\/div>\n\t\t\t\t\t\t\t<\/div>\n\t\t<\/section>\n\t\t\t\t<section class=\"elementor-section elementor-top-section elementor-element elementor-element-98e3ea1 elementor-section-boxed elementor-section-height-default elementor-section-height-default\" data-id=\"98e3ea1\" data-element_type=\"section\">\n\t\t\t\t\t\t<div class=\"elementor-container elementor-column-gap-default\">\n\t\t\t\t\t<div class=\"elementor-column elementor-col-100 elementor-top-column elementor-element elementor-element-732ba32\" data-id=\"732ba32\" data-element_type=\"column\">\n\t\t\t<div class=\"elementor-widget-wrap\">\n\t\t\t\t\t\t\t\t\t<\/div>\n\t\t<\/div>\n\t\t\t\t\t\t\t<\/div>\n\t\t<\/section>\n\t\t\t\t<section class=\"elementor-section elementor-top-section elementor-element elementor-element-67eb2ef0 elementor-section-boxed elementor-section-height-default elementor-section-height-default\" data-id=\"67eb2ef0\" data-element_type=\"section\">\n\t\t\t\t\t\t<div class=\"elementor-container elementor-column-gap-default\">\n\t\t\t\t\t<div class=\"elementor-column elementor-col-100 elementor-top-column elementor-element elementor-element-7796b025\" data-id=\"7796b025\" data-element_type=\"column\">\n\t\t\t<div class=\"elementor-widget-wrap elementor-element-populated\">\n\t\t\t\t\t\t\t\t<div class=\"elementor-element elementor-element-14e93867 elementor-widget elementor-widget-buildbench-title\" data-id=\"14e93867\" data-element_type=\"widget\" data-widget_type=\"buildbench-title.default\">\n\t\t\t\t<div class=\"elementor-widget-container\">\n\t\t\t         <div class=\"section-heading-content\">\n            <h2 class=\"section-title\">\n                <span class=\"sub-title\"><\/span>\n                 VNIT\u0158N\u00cd OZNAMOVAC\u00cd SYST\u00c9M                             <\/h2>\n         <\/div><!-- Section title -->\t\t\n\n     \n    \t\t<\/div>\n\t\t\t\t<\/div>\n\t\t\t\t<div class=\"elementor-element elementor-element-e6405d7 elementor-widget elementor-widget-text-editor\" data-id=\"e6405d7\" data-element_type=\"widget\" data-widget_type=\"text-editor.default\">\n\t\t\t\t<div class=\"elementor-widget-container\">\n\t\t\t<style>\/*! elementor - v3.7.8 - 02-10-2022 *\/\n.elementor-widget-text-editor.elementor-drop-cap-view-stacked .elementor-drop-cap{background-color:#818a91;color:#fff}.elementor-widget-text-editor.elementor-drop-cap-view-framed .elementor-drop-cap{color:#818a91;border:3px solid;background-color:transparent}.elementor-widget-text-editor:not(.elementor-drop-cap-view-default) .elementor-drop-cap{margin-top:8px}.elementor-widget-text-editor:not(.elementor-drop-cap-view-default) .elementor-drop-cap-letter{width:1em;height:1em}.elementor-widget-text-editor .elementor-drop-cap{float:left;text-align:center;line-height:1;font-size:50px}.elementor-widget-text-editor .elementor-drop-cap-letter{display:inline-block}<\/style>\t\t\t\t<p><strong>Spole\u010dnost Stroj\u00edrny Kohout, spol. s r.o. jako povinn\u00e1 osoba v souladu s ustanoven\u00edm \u00a7 9 odst. 2 p\u00edsm. b) z\u00e1kona \u010d. 171\/2023 Sb., o ochran\u011b oznamovatel\u016f (d\u00e1le \u201ez\u00e1kon\u201c) uve\u0159ej\u0148uje n\u00e1sleduj\u00edc\u00ed informace:<\/strong><\/p><p><strong>1. Pod\u00e1n\u00ed ozn\u00e1men\u00ed<\/strong><\/p><p>Ozn\u00e1men\u00ed m\u016f\u017eete podat:<br \/>a) prost\u0159ednictv\u00edm vnit\u0159n\u00edho oznamovac\u00edho syst\u00e9mu: <a href=\"http:\/\/mail.strojirnykohout.cz\/whistleblowing.php\">http:\/\/mail.strojirnykohout.cz\/whistleblowing.php<\/a><br \/>b) prost\u0159ednictv\u00edm Ministerstva spravedlnosti<\/p><p><strong>2. P\u0159\u00edslu\u0161n\u00e1 osoba<\/strong><\/p><p>P\u0159\u00edslu\u0161nou osobou, kter\u00e1 se bude zab\u00fdvat ozn\u00e1men\u00edm je:<br \/>Petr Vokal<br \/>tel.: +420 731 410 404<br \/>email: petr.vokal@strojirnykohout.cz<\/p><p><strong>3. Vylou\u010den\u00ed p\u0159ij\u00edm\u00e1n\u00ed ozn\u00e1men\u00ed<\/strong><\/p><p>Spole\u010dnost Stroj\u00edrny Kohout, spol. s r.o. jako povinn\u00e1 osoba vylu\u010duje p\u0159ij\u00edm\u00e1n\u00ed ozn\u00e1men\u00ed od osoby, kter\u00e1 pro spole\u010dnost Stroj\u00edrny Kohout, spol. s r.o. nevykon\u00e1v\u00e1 pr\u00e1ci nebo jinou obdobnou \u010dinnost podle \u00a7 2 odst. 3 p\u00edsm. a), b), h) nebo i) z\u00e1kona.<\/p><p><strong>4. Pokuta<\/strong><\/p><p>Dle \u00a7 23 z\u00e1kona lze za v\u011bdom\u011b podan\u00e9 nepravdiv\u00e9 ozn\u00e1men\u00ed ulo\u017eit pokutu do v\u00fd\u0161e 50 000 K\u010d.<\/p>\t\t\t\t\t\t<\/div>\n\t\t\t\t<\/div>\n\t\t\t\t\t<\/div>\n\t\t<\/div>\n\t\t\t\t\t\t\t<\/div>\n\t\t<\/section>\n\t\t\t\t\t\t\t<\/div>","protected":false},"excerpt":{"rendered":"<p>VNIT\u0158N\u00cd OZNAMOVAC\u00cd SYST\u00c9M Spole\u010dnost Stroj\u00edrny Kohout, spol. s r.o. jako povinn\u00e1 osoba v souladu s ustanoven\u00edm \u00a7 9 odst. 2 p\u00edsm. b) z\u00e1kona \u010d. 171\/2023 Sb., o ochran\u011b oznamovatel\u016f (d\u00e1le \u201ez\u00e1kon\u201c) uve\u0159ej\u0148uje n\u00e1sleduj\u00edc\u00ed informace: 1. Pod\u00e1n\u00ed ozn\u00e1men\u00ed Ozn\u00e1men\u00ed m\u016f\u017eete podat:a) prost\u0159ednictv\u00edm vnit\u0159n\u00edho oznamovac\u00edho syst\u00e9mu: http:\/\/mail.strojirnykohout.cz\/whistleblowing.phpb) prost\u0159ednictv\u00edm Ministerstva spravedlnosti 2. P\u0159\u00edslu\u0161n\u00e1 osoba P\u0159\u00edslu\u0161nou osobou, kter\u00e1 se [&hellip;]<\/p>","protected":false},"author":4,"featured_media":0,"parent":0,"menu_order":0,"comment_status":"closed","ping_status":"closed","template":"elementor_header_footer","meta":[],"yoast_head":"<!-- This site is optimized with the Yoast SEO plugin v21.1 - https:\/\/yoast.com\/wordpress\/plugins\/seo\/ -->\r\n<title>Vnit\u0159n\u00ed oznamovac\u00ed syst\u00e9m - Stroj\u00edrny Kohout<\/title>\r\n<meta name=\"robots\" content=\"index, follow, max-snippet:-1, max-image-preview:large, max-video-preview:-1\" \/>\r\n<link rel=\"canonical\" href=\"https:\/\/www.strojirnykohout.cz\/de\/vnitrni-oznamovaci-system\" \/>\r\n<meta property=\"og:locale\" content=\"de_DE\" \/>\r\n<meta property=\"og:type\" content=\"article\" \/>\r\n<meta property=\"og:title\" content=\"Vnit\u0159n\u00ed oznamovac\u00ed syst\u00e9m - Stroj\u00edrny Kohout\" \/>\r\n<meta property=\"og:description\" content=\"VNIT\u0158N\u00cd OZNAMOVAC\u00cd SYST\u00c9M Spole\u010dnost Stroj\u00edrny Kohout, spol. s r.o. jako povinn\u00e1 osoba v souladu s ustanoven\u00edm \u00a7 9 odst. 2 p\u00edsm. b) z\u00e1kona \u010d. 171\/2023 Sb., o ochran\u011b oznamovatel\u016f (d\u00e1le \u201ez\u00e1kon\u201c) uve\u0159ej\u0148uje n\u00e1sleduj\u00edc\u00ed informace: 1. Pod\u00e1n\u00ed ozn\u00e1men\u00ed Ozn\u00e1men\u00ed m\u016f\u017eete podat:a) prost\u0159ednictv\u00edm vnit\u0159n\u00edho oznamovac\u00edho syst\u00e9mu: http:\/\/mail.strojirnykohout.cz\/whistleblowing.phpb) prost\u0159ednictv\u00edm Ministerstva spravedlnosti 2. P\u0159\u00edslu\u0161n\u00e1 osoba P\u0159\u00edslu\u0161nou osobou, kter\u00e1 se [&hellip;]\" \/>\r\n<meta property=\"og:url\" content=\"https:\/\/www.strojirnykohout.cz\/de\/vnitrni-oznamovaci-system\" \/>\r\n<meta property=\"og:site_name\" content=\"Stroj\u00edrny Kohout\" \/>\r\n<meta property=\"article:modified_time\" content=\"2024-06-19T16:25:16+00:00\" \/>\r\n<meta name=\"twitter:card\" content=\"summary_large_image\" \/>\r\n<meta name=\"twitter:label1\" content=\"Est. reading time\" \/>\n\t<meta name=\"twitter:data1\" content=\"1 Minute\" \/>\r\n<script type=\"application\/ld+json\" class=\"yoast-schema-graph\">{\"@context\":\"https:\/\/schema.org\",\"@graph\":[{\"@type\":\"WebPage\",\"@id\":\"https:\/\/www.strojirnykohout.cz\/vnitrni-oznamovaci-system\",\"url\":\"https:\/\/www.strojirnykohout.cz\/vnitrni-oznamovaci-system\",\"name\":\"Vnit\u0159n\u00ed oznamovac\u00ed syst\u00e9m - Stroj\u00edrny Kohout\",\"isPartOf\":{\"@id\":\"https:\/\/www.strojirnykohout.cz\/de\/#website\"},\"datePublished\":\"2023-12-21T17:48:57+00:00\",\"dateModified\":\"2024-06-19T16:25:16+00:00\",\"breadcrumb\":{\"@id\":\"https:\/\/www.strojirnykohout.cz\/vnitrni-oznamovaci-system#breadcrumb\"},\"inLanguage\":\"de-DE\",\"potentialAction\":[{\"@type\":\"ReadAction\",\"target\":[\"https:\/\/www.strojirnykohout.cz\/vnitrni-oznamovaci-system\"]}]},{\"@type\":\"BreadcrumbList\",\"@id\":\"https:\/\/www.strojirnykohout.cz\/vnitrni-oznamovaci-system#breadcrumb\",\"itemListElement\":[{\"@type\":\"ListItem\",\"position\":1,\"name\":\"Home\",\"item\":\"https:\/\/www.strojirnykohout.cz\/\"},{\"@type\":\"ListItem\",\"position\":2,\"name\":\"Vnit\u0159n\u00ed oznamovac\u00ed syst\u00e9m\"}]},{\"@type\":\"WebSite\",\"@id\":\"https:\/\/www.strojirnykohout.cz\/de\/#website\",\"url\":\"https:\/\/www.strojirnykohout.cz\/de\/\",\"name\":\"Stroj\u00edrny Kohout\",\"description\":\"SPECIALISTA NA P\u0158ESN\u00c9 OBR\u00c1B\u011aN\u00cd\",\"publisher\":{\"@id\":\"https:\/\/www.strojirnykohout.cz\/de\/#organization\"},\"potentialAction\":[{\"@type\":\"SearchAction\",\"target\":{\"@type\":\"EntryPoint\",\"urlTemplate\":\"https:\/\/www.strojirnykohout.cz\/de\/?s={search_term_string}\"},\"query-input\":\"required name=search_term_string\"}],\"inLanguage\":\"de-DE\"},{\"@type\":\"Organization\",\"@id\":\"https:\/\/www.strojirnykohout.cz\/de\/#organization\",\"name\":\"Stroj\u00edrny Kohout\",\"url\":\"https:\/\/www.strojirnykohout.cz\/de\/\",\"logo\":{\"@type\":\"ImageObject\",\"inLanguage\":\"de-DE\",\"@id\":\"https:\/\/www.strojirnykohout.cz\/de\/#\/schema\/logo\/image\/\",\"url\":\"https:\/\/www.strojirnykohout.cz\/wp-content\/uploads\/2022\/10\/logo-dark.png\",\"contentUrl\":\"https:\/\/www.strojirnykohout.cz\/wp-content\/uploads\/2022\/10\/logo-dark.png\",\"width\":350,\"height\":100,\"caption\":\"Stroj\u00edrny Kohout\"},\"image\":{\"@id\":\"https:\/\/www.strojirnykohout.cz\/de\/#\/schema\/logo\/image\/\"}}]}<\/script>\r\n<!-- \/ Yoast SEO plugin. -->","yoast_head_json":{"title":"Vnit\u0159n\u00ed oznamovac\u00ed syst\u00e9m - Stroj\u00edrny Kohout","robots":{"index":"index","follow":"follow","max-snippet":"max-snippet:-1","max-image-preview":"max-image-preview:large","max-video-preview":"max-video-preview:-1"},"canonical":"https:\/\/www.strojirnykohout.cz\/de\/vnitrni-oznamovaci-system","og_locale":"de_DE","og_type":"article","og_title":"Vnit\u0159n\u00ed oznamovac\u00ed syst\u00e9m - Stroj\u00edrny Kohout","og_description":"VNIT\u0158N\u00cd OZNAMOVAC\u00cd SYST\u00c9M Spole\u010dnost Stroj\u00edrny Kohout, spol. s r.o. jako povinn\u00e1 osoba v souladu s ustanoven\u00edm \u00a7 9 odst. 2 p\u00edsm. b) z\u00e1kona \u010d. 171\/2023 Sb., o ochran\u011b oznamovatel\u016f (d\u00e1le \u201ez\u00e1kon\u201c) uve\u0159ej\u0148uje n\u00e1sleduj\u00edc\u00ed informace: 1. Pod\u00e1n\u00ed ozn\u00e1men\u00ed Ozn\u00e1men\u00ed m\u016f\u017eete podat:a) prost\u0159ednictv\u00edm vnit\u0159n\u00edho oznamovac\u00edho syst\u00e9mu: http:\/\/mail.strojirnykohout.cz\/whistleblowing.phpb) prost\u0159ednictv\u00edm Ministerstva spravedlnosti 2. P\u0159\u00edslu\u0161n\u00e1 osoba P\u0159\u00edslu\u0161nou osobou, kter\u00e1 se [&hellip;]","og_url":"https:\/\/www.strojirnykohout.cz\/de\/vnitrni-oznamovaci-system","og_site_name":"Stroj\u00edrny Kohout","article_modified_time":"2024-06-19T16:25:16+00:00","twitter_card":"summary_large_image","twitter_misc":{"Est. reading time":"1 Minute"},"schema":{"@context":"https:\/\/schema.org","@graph":[{"@type":"WebPage","@id":"https:\/\/www.strojirnykohout.cz\/vnitrni-oznamovaci-system","url":"https:\/\/www.strojirnykohout.cz\/vnitrni-oznamovaci-system","name":"Vnit\u0159n\u00ed oznamovac\u00ed syst\u00e9m - Stroj\u00edrny Kohout","isPartOf":{"@id":"https:\/\/www.strojirnykohout.cz\/de\/#website"},"datePublished":"2023-12-21T17:48:57+00:00","dateModified":"2024-06-19T16:25:16+00:00","breadcrumb":{"@id":"https:\/\/www.strojirnykohout.cz\/vnitrni-oznamovaci-system#breadcrumb"},"inLanguage":"de-DE","potentialAction":[{"@type":"ReadAction","target":["https:\/\/www.strojirnykohout.cz\/vnitrni-oznamovaci-system"]}]},{"@type":"BreadcrumbList","@id":"https:\/\/www.strojirnykohout.cz\/vnitrni-oznamovaci-system#breadcrumb","itemListElement":[{"@type":"ListItem","position":1,"name":"Home","item":"https:\/\/www.strojirnykohout.cz\/"},{"@type":"ListItem","position":2,"name":"Vnit\u0159n\u00ed oznamovac\u00ed syst\u00e9m"}]},{"@type":"WebSite","@id":"https:\/\/www.strojirnykohout.cz\/de\/#website","url":"https:\/\/www.strojirnykohout.cz\/de\/","name":"Stroj\u00edrny Kohout","description":"SPECIALISTA NA P\u0158ESN\u00c9 OBR\u00c1B\u011aN\u00cd","publisher":{"@id":"https:\/\/www.strojirnykohout.cz\/de\/#organization"},"potentialAction":[{"@type":"SearchAction","target":{"@type":"EntryPoint","urlTemplate":"https:\/\/www.strojirnykohout.cz\/de\/?s={search_term_string}"},"query-input":"required name=search_term_string"}],"inLanguage":"de-DE"},{"@type":"Organization","@id":"https:\/\/www.strojirnykohout.cz\/de\/#organization","name":"Stroj\u00edrny Kohout","url":"https:\/\/www.strojirnykohout.cz\/de\/","logo":{"@type":"ImageObject","inLanguage":"de-DE","@id":"https:\/\/www.strojirnykohout.cz\/de\/#\/schema\/logo\/image\/","url":"https:\/\/www.strojirnykohout.cz\/wp-content\/uploads\/2022\/10\/logo-dark.png","contentUrl":"https:\/\/www.strojirnykohout.cz\/wp-content\/uploads\/2022\/10\/logo-dark.png","width":350,"height":100,"caption":"Stroj\u00edrny Kohout"},"image":{"@id":"https:\/\/www.strojirnykohout.cz\/de\/#\/schema\/logo\/image\/"}}]}},"_links":{"self":[{"href":"https:\/\/www.strojirnykohout.cz\/de\/wp-json\/wp\/v2\/pages\/136498"}],"collection":[{"href":"https:\/\/www.strojirnykohout.cz\/de\/wp-json\/wp\/v2\/pages"}],"about":[{"href":"https:\/\/www.strojirnykohout.cz\/de\/wp-json\/wp\/v2\/types\/page"}],"author":[{"embeddable":true,"href":"https:\/\/www.strojirnykohout.cz\/de\/wp-json\/wp\/v2\/users\/4"}],"replies":[{"embeddable":true,"href":"https:\/\/www.strojirnykohout.cz\/de\/wp-json\/wp\/v2\/comments?post=136498"}],"version-history":[{"count":13,"href":"https:\/\/www.strojirnykohout.cz\/de\/wp-json\/wp\/v2\/pages\/136498\/revisions"}],"predecessor-version":[{"id":136557,"href":"https:\/\/www.strojirnykohout.cz\/de\/wp-json\/wp\/v2\/pages\/136498\/revisions\/136557"}],"wp:attachment":[{"href":"https:\/\/www.strojirnykohout.cz\/de\/wp-json\/wp\/v2\/media?parent=136498"}],"curies":[{"name":"wp","href":"https:\/\/api.w.org\/{rel}","templated":true}]}}